{"id":368,"date":"2024-02-29T11:48:40","date_gmt":"2024-02-29T10:48:40","guid":{"rendered":"https:\/\/maramartin.es\/politica-de-cookies\/"},"modified":"2024-04-23T12:00:57","modified_gmt":"2024-04-23T11:00:57","slug":"politica-de-cookies","status":"publish","type":"page","link":"https:\/\/maramartin.es\/gl\/politica-de-cookies\/","title":{"rendered":"Pol\u00edtica de cookies"},"content":{"rendered":"<section class=\"l-section wpb_row us_custom_b302cb86 us_animate_this height_medium\"><div class=\"l-section-h i-cf\"><div class=\"g-cols vc_row via_flex valign_middle type_default stacking_default\"><div class=\"vc_col-sm-12 wpb_column vc_column_container\"><div class=\"vc_column-inner\"><div class=\"wpb_wrapper\"><\/div><\/div><\/div><\/div><\/div><\/section><section class=\"l-section wpb_row us_custom_f3f68ac4 legales height_huge\"><div class=\"l-section-h i-cf\"><div class=\"g-cols vc_row via_flex valign_top type_default stacking_default\"><div class=\"vc_col-sm-12 wpb_column vc_column_container\"><div class=\"vc_column-inner\"><div class=\"wpb_wrapper\"><h1 class=\"w-text us_custom_e911e388 titular-naranja us_animate_this\"><span class=\"w-text-h\"><span class=\"w-text-value\">Pol\u00edtica de cookies<\/span><\/span><\/h1><div class=\"w-separator size_small\"><\/div><div class=\"wpb_text_column\"><div class=\"wpb_wrapper\"><style>\n    a.cky-banner-element {<br \/>        padding: 8px 30px;<br \/>        background: #F8F9FA;<br \/>        color: #858A8F;<br \/>        border: 1px solid #DEE2E6;<br \/>        box-sizing: border-box;<br \/>        border-radius: 2px;<br \/>        cursor: pointer;<br \/>}<br \/><\/style>\n<h2><strong>Que son as cookies? <\/strong><\/h2>\n<p>Esta Pol\u00edtica de Cookies explica que son as cookies e como as utilizamos, os tipos de cookies que utilizamos, \u00e9 dicir, a informaci\u00f3n que recompilamos utilizando cookies e como se utiliza esa informaci\u00f3n, e como xestionar a configuraci\u00f3n das cookies.<\/p>\n<p>As cookies son pequenos arquivos de texto que se utilizan para almacenar pequenas pezas de informaci\u00f3n. Almac\u00e9nanse no seu dispositivo cando o sitio web c\u00e1rgase no seu navegador. Estas cookies ax\u00fadannos a facer que o sitio web funcione correctamente, a facelo m\u00e1is seguro, a proporcionar unha mellor experiencia ao usuario e a entender como funciona o sitio web e analizar que funciona e en que aspectos necesita melloras.<\/p>\n<h2><strong>Como usamos as cookies?<\/strong><\/h2>\n<p>Como a maior\u00eda dos servizos en li\u00f1a, o noso sitio web utiliza cookies propias e de terceiros para diversos fins. As cookies de orixe son na s\u00faa maior\u00eda necesarias para que o sitio web funcione correctamente, e non recollen ning\u00fan dato persoal que poida identificarlle. As cookies de terceiros utilizadas no noso sitio web serven principalmente para comprender como funciona o sitio web, como interact\u00faa vostede co noso sitio web, manter os nosos servizos seguros, ofrecer anuncios que sexan relevantes para vostede e, en definitiva, ofrecerlle unha experiencia de usuario mellor e m\u00e1is r\u00e1pida e axudarlle a axilizar as s\u00faas futuras interacci\u00f3ns co noso sitio web.<\/p>\n<h2><strong>Tipos de cookies <\/strong><\/h2>\n<div class=\"cky-audit-table-element\"><\/div>\n<h4 style=\"margin-bottom: 20px;\">Preferencias de cookies<\/h4>\n<p><strong><a class=\"cky-banner-element\" href=\"#\">Xestionar preferencias<\/a><\/strong><\/p>\n<div>\n<p>Pode cambiar as s\u00faas preferencias sobre cookies en calquera momento facendo clic no bot\u00f3n anterior. Isto permitiralle volver visitar o banner de consentimento de cookies e cambiar as s\u00faas preferencias ou retirar o seu consentimento de inmediato.<\/p>\n<p>Ademais, os distintos navegadores ofrecen diferentes m\u00e9todos para bloquear e eliminar as cookies utilizadas polos sitios web. Pode cambiar a configuraci\u00f3n da s\u00faa navegador para bloquear ou eliminar as cookies. A continuaci\u00f3n ind\u00edcanse as ligaz\u00f3ns aos documentos de axuda sobre como xestionar e eliminar as cookies dos principais navegadores web.<\/p>\n<p>Chrome: https:\/\/support.google.com\/accounts\/answer\/32050<\/p>\n<p>Safari: https:\/\/support.apple.com\/en-in\/guide\/safari\/sfri11471\/mac<\/p>\n<p>Firefox: https:\/\/support.mozilla.org\/en-US\/kb\/clear-cookies-and-site-data-firefox?redirectslug=delete-cookies-remove-info-websites-stored&amp;redirectlocale=en-US<\/p>\n<p>Internet Explorer: https:\/\/support.microsoft.com\/en-us\/topic\/how-to-delete-cookie-files-in-internet-explorer-bca9446f-d873-78de-77ba-d42645fa52fc<\/p>\n<p>Se utiliza calquera outro navegador, consulte a documentaci\u00f3n oficial do seu navegador.<\/p>\n<\/div>\n<\/div><\/div><\/div><\/div><\/div><\/div><\/div><\/section>\n","protected":false},"excerpt":{"rendered":"Pol\u00edtica de cookies Que son as cookies? Esta Pol\u00edtica de Cookies explica que son as cookies e como as utilizamos, os tipos de cookies que utilizamos, \u00e9 dicir, a informaci\u00f3n que recompilamos utilizando cookies e como se utiliza esa informaci\u00f3n, e como xestionar a configuraci\u00f3n das cookies. As cookies son pequenos arquivos de texto que...","protected":false},"author":1,"featured_media":0,"parent":0,"menu_order":0,"comment_status":"closed","ping_status":"closed","template":"","meta":{"footnotes":""},"class_list":["post-368","page","type-page","status-publish","hentry"],"yoast_head":"<!-- This site is optimized with the Yoast SEO plugin v27.5 - https:\/\/yoast.com\/product\/yoast-seo-wordpress\/ -->\n<title>Pol\u00edtica de cookies - Mara Mart\u00edn<\/title>\n<meta name=\"robots\" content=\"index, follow, max-snippet:-1, max-image-preview:large, max-video-preview:-1\" \/>\n<link rel=\"canonical\" href=\"https:\/\/maramartin.es\/gl\/politica-de-cookies\/\" \/>\n<meta property=\"og:locale\" content=\"gl_ES\" \/>\n<meta property=\"og:type\" content=\"article\" \/>\n<meta property=\"og:title\" content=\"Pol\u00edtica de cookies - Mara Mart\u00edn\" \/>\n<meta property=\"og:url\" content=\"https:\/\/maramartin.es\/gl\/politica-de-cookies\/\" \/>\n<meta property=\"og:site_name\" content=\"Mara Mart\u00edn\" \/>\n<meta property=\"article:modified_time\" content=\"2024-04-23T11:00:57+00:00\" \/>\n<meta name=\"twitter:card\" content=\"summary_large_image\" \/>\n<meta name=\"twitter:label1\" content=\"Tempo de lectura\" \/>\n\t<meta name=\"twitter:data1\" content=\"2 minutos\" \/>\n<script type=\"application\/ld+json\" class=\"yoast-schema-graph\">{\"@context\":\"https:\\\/\\\/schema.org\",\"@graph\":[{\"@type\":\"WebPage\",\"@id\":\"https:\\\/\\\/maramartin.es\\\/gl\\\/politica-de-cookies\\\/\",\"url\":\"https:\\\/\\\/maramartin.es\\\/gl\\\/politica-de-cookies\\\/\",\"name\":\"Pol\u00edtica de cookies - Mara Mart\u00edn\",\"isPartOf\":{\"@id\":\"https:\\\/\\\/maramartin.es\\\/#website\"},\"datePublished\":\"2024-02-29T10:48:40+00:00\",\"dateModified\":\"2024-04-23T11:00:57+00:00\",\"breadcrumb\":{\"@id\":\"https:\\\/\\\/maramartin.es\\\/gl\\\/politica-de-cookies\\\/#breadcrumb\"},\"inLanguage\":\"gl-ES\",\"potentialAction\":[{\"@type\":\"ReadAction\",\"target\":[\"https:\\\/\\\/maramartin.es\\\/gl\\\/politica-de-cookies\\\/\"]}]},{\"@type\":\"BreadcrumbList\",\"@id\":\"https:\\\/\\\/maramartin.es\\\/gl\\\/politica-de-cookies\\\/#breadcrumb\",\"itemListElement\":[{\"@type\":\"ListItem\",\"position\":1,\"name\":\"Portada\",\"item\":\"https:\\\/\\\/maramartin.es\\\/gl\\\/\"},{\"@type\":\"ListItem\",\"position\":2,\"name\":\"Pol\u00edtica de cookies\"}]},{\"@type\":\"WebSite\",\"@id\":\"https:\\\/\\\/maramartin.es\\\/#website\",\"url\":\"https:\\\/\\\/maramartin.es\\\/\",\"name\":\"Mara Mart\u00edn\",\"description\":\"Vino godello de la D.O. Monterrei\",\"potentialAction\":[{\"@type\":\"SearchAction\",\"target\":{\"@type\":\"EntryPoint\",\"urlTemplate\":\"https:\\\/\\\/maramartin.es\\\/?s={search_term_string}\"},\"query-input\":{\"@type\":\"PropertyValueSpecification\",\"valueRequired\":true,\"valueName\":\"search_term_string\"}}],\"inLanguage\":\"gl-ES\"}]}<\/script>\n<!-- \/ Yoast SEO plugin. -->","yoast_head_json":{"title":"Pol\u00edtica de cookies - Mara Mart\u00edn","robots":{"index":"index","follow":"follow","max-snippet":"max-snippet:-1","max-image-preview":"max-image-preview:large","max-video-preview":"max-video-preview:-1"},"canonical":"https:\/\/maramartin.es\/gl\/politica-de-cookies\/","og_locale":"gl_ES","og_type":"article","og_title":"Pol\u00edtica de cookies - Mara Mart\u00edn","og_url":"https:\/\/maramartin.es\/gl\/politica-de-cookies\/","og_site_name":"Mara Mart\u00edn","article_modified_time":"2024-04-23T11:00:57+00:00","twitter_card":"summary_large_image","twitter_misc":{"Tempo de lectura":"2 minutos"},"schema":{"@context":"https:\/\/schema.org","@graph":[{"@type":"WebPage","@id":"https:\/\/maramartin.es\/gl\/politica-de-cookies\/","url":"https:\/\/maramartin.es\/gl\/politica-de-cookies\/","name":"Pol\u00edtica de cookies - Mara Mart\u00edn","isPartOf":{"@id":"https:\/\/maramartin.es\/#website"},"datePublished":"2024-02-29T10:48:40+00:00","dateModified":"2024-04-23T11:00:57+00:00","breadcrumb":{"@id":"https:\/\/maramartin.es\/gl\/politica-de-cookies\/#breadcrumb"},"inLanguage":"gl-ES","potentialAction":[{"@type":"ReadAction","target":["https:\/\/maramartin.es\/gl\/politica-de-cookies\/"]}]},{"@type":"BreadcrumbList","@id":"https:\/\/maramartin.es\/gl\/politica-de-cookies\/#breadcrumb","itemListElement":[{"@type":"ListItem","position":1,"name":"Portada","item":"https:\/\/maramartin.es\/gl\/"},{"@type":"ListItem","position":2,"name":"Pol\u00edtica de cookies"}]},{"@type":"WebSite","@id":"https:\/\/maramartin.es\/#website","url":"https:\/\/maramartin.es\/","name":"Mara Mart\u00edn","description":"Vino godello de la D.O. Monterrei","potentialAction":[{"@type":"SearchAction","target":{"@type":"EntryPoint","urlTemplate":"https:\/\/maramartin.es\/?s={search_term_string}"},"query-input":{"@type":"PropertyValueSpecification","valueRequired":true,"valueName":"search_term_string"}}],"inLanguage":"gl-ES"}]}},"_links":{"self":[{"href":"https:\/\/maramartin.es\/gl\/wp-json\/wp\/v2\/pages\/368","targetHints":{"allow":["GET"]}}],"collection":[{"href":"https:\/\/maramartin.es\/gl\/wp-json\/wp\/v2\/pages"}],"about":[{"href":"https:\/\/maramartin.es\/gl\/wp-json\/wp\/v2\/types\/page"}],"author":[{"embeddable":true,"href":"https:\/\/maramartin.es\/gl\/wp-json\/wp\/v2\/users\/1"}],"replies":[{"embeddable":true,"href":"https:\/\/maramartin.es\/gl\/wp-json\/wp\/v2\/comments?post=368"}],"version-history":[{"count":2,"href":"https:\/\/maramartin.es\/gl\/wp-json\/wp\/v2\/pages\/368\/revisions"}],"predecessor-version":[{"id":383,"href":"https:\/\/maramartin.es\/gl\/wp-json\/wp\/v2\/pages\/368\/revisions\/383"}],"wp:attachment":[{"href":"https:\/\/maramartin.es\/gl\/wp-json\/wp\/v2\/media?parent=368"}],"curies":[{"name":"wp","href":"https:\/\/api.w.org\/{rel}","templated":true}]}}