{"id":367,"date":"2024-02-29T10:27:14","date_gmt":"2024-02-29T09:27:14","guid":{"rendered":"https:\/\/maramartin.es\/politica-de-privacidad\/"},"modified":"2024-04-23T11:58:11","modified_gmt":"2024-04-23T10:58:11","slug":"politica-de-privacidad","status":"publish","type":"page","link":"https:\/\/maramartin.es\/gl\/politica-de-privacidad\/","title":{"rendered":"Pol\u00edtica de privacidade"},"content":{"rendered":"<section class=\"l-section wpb_row us_custom_b302cb86 us_animate_this height_medium\"><div class=\"l-section-h i-cf\"><div class=\"g-cols vc_row via_flex valign_middle type_default stacking_default\"><div class=\"vc_col-sm-12 wpb_column vc_column_container\"><div class=\"vc_column-inner\"><div class=\"wpb_wrapper\"><\/div><\/div><\/div><\/div><\/div><\/section><section class=\"l-section wpb_row us_custom_f3f68ac4 legales height_huge\"><div class=\"l-section-h i-cf\"><div class=\"g-cols vc_row via_flex valign_top type_default stacking_default\"><div class=\"vc_col-sm-12 wpb_column vc_column_container\"><div class=\"vc_column-inner\"><div class=\"wpb_wrapper\"><h1 class=\"w-text us_custom_e911e388 titular-naranja us_animate_this\"><span class=\"w-text-h\"><span class=\"w-text-value\">Pol\u00edtica de privacidad<\/span><\/span><\/h1><div class=\"w-separator size_small\"><\/div><div class=\"wpb_text_column\"><div class=\"wpb_wrapper\"><p><strong>BODEGAS MART\u00cdN C\u00d3DAX, S.A.U.<\/strong><br \/>\n<strong>CIF<\/strong>: A36033009<br \/>\nBURG\u00c1NS, N\u00ba91 &#8211; 36633 CAMBADOS (PONTEVEDRA)<br \/>\n<strong>REXISTRO MERCANTIL<\/strong>: TOMO 449, FOLIO 001, FOLLA PO-6543, INSCRICI\u00d3N 1\u00aa<\/p>\n<p>De acordo co establecido pola normativa de Protecci\u00f3n de Datos de Car\u00e1cter Persoal, inform\u00e1moslle que est\u00e1 a facilitar os seus datos de car\u00e1cter persoal ao Responsable de Tratamento ADEGAS MART\u00cdN C\u00d3DAX, S.A.U., en diante A ENTIDADE, ADEGAS MART\u00cdN C\u00d3DAX, S.A.U. con direcci\u00f3n en BURG\u00c1NS, N\u00ba91 &#8211; 36633 CAMBADOS (PONTEVEDRA) e correo electr\u00f3nico administracion@martincodax.com.<\/p>\n<p>ADEGAS MART\u00cdN C\u00d3DAX S.A.Ou \u00e9 propietaria da marca Mara Mart\u00edn, polo que as outras marcas do grupo poden compartir os datos coa primeira e viceversa, ao formar parte do mesmo grupo empresarial.<\/p>\n<h2>FINALIDADE DO TRATAMENTO<\/h2>\n<p>Dependendo dos produtos, servizos ou funcionalidades dos que queiras gozar en cada momento necesitaremos tratar uns datos ou outros.\u00a0 En xeral devanditos datos, ser\u00e1n, segundo o caso, os seguintes:<\/p>\n<ul>\n<li>Os teus datos identificativos (Por exemplo: o teu nome, apelido, idioma, pa\u00eds desde o que interact\u00faas connosco, datos de contacto, etc.)<\/li>\n<li>Datos de conexi\u00f3n, geolocalizaci\u00f3n e navegaci\u00f3n (no caso de que interact\u00faes connosco desde o m\u00f3bil, por exemplo).<\/li>\n<li>Informaci\u00f3n comercial.<\/li>\n<li>Datos sobre os teus gustos e preferencias.<\/li>\n<\/ul>\n<p>Lembra que, cando pid\u00e1mosche que enchas os teus datos persoais para darche acceso a algunha funcionalidade ou servizo da web, marcaremos alg\u00fans campos como obrigatorios, posto que son datos que necesitamos para poder prestarche o servizo ou darche acceso \u00e1 funcionalidade en cuesti\u00f3n.<\/p>\n<h2>CON QUE FINALIDADE TRATAMOS OS TEUS DATOS PERSOAIS?<\/h2>\n<p>Dependendo de como interact\u00faes coa nosa web, trataremos os teus datos persoais para as seguintes finalidades:<\/p>\n<ol>\n<li>Para atender as solicitudes ou petici\u00f3ns que realices a trav\u00e9s dos distintos medios incorporados \u00e1 nosa web.<\/li>\n<\/ol>\n<p>S\u00f3 tratamos os datos persoais que sexan estritamente necesarios para xestionar ou resolver a t\u00faa solicitude ou petici\u00f3n.<\/p>\n<ol start=\"2\">\n<li>Para fins de mercadotecnia.<\/li>\n<\/ol>\n<p>Na medida en que che subscribas \u00e1 nosa newsletter, os teus datos persoais ser\u00e1n utilizados para a remisi\u00f3n peri\u00f3dica de bolet\u00edns informativos da empresa.<\/p>\n<p>Tam\u00e9n podemos utilizar os teus datos para enviarche informaci\u00f3n sobre os nosos produtos e promoci\u00f3ns.<\/p>\n<p>Debes lembrar que podes darse de baixa en calquera momento e sen custo alg\u00fan comunic\u00e1ndoo no mail administracion@martincodax.com.<\/p>\n<ol start=\"3\">\n<li>An\u00e1lise de usabilidade e de calidade para a mellora dos nosos servizos (Cookies)<\/li>\n<\/ol>\n<p>Nalgunha das nosas plataformas inform\u00e1moslle de que trataremos os seus datos de navegaci\u00f3n para fins anal\u00edticos e estat\u00edsticos, \u00e9 dicir, para entender a forma na que os usuarios interact\u00faan coa nosa Plataforma e as\u00ed ser capaces de introducir melloras na mesma. As\u00ed mesmo, en ocasi\u00f3ns, realizamos acci\u00f3ns e enquisas de calidade destinadas a co\u00f1ecer o grao de satisfacci\u00f3n dos nosos clientes e usuarios e detectar aquelas \u00e1reas nas que podemos mellorar.<\/p>\n<h2>CAL \u00c9 A LEGITIMACI\u00d3N PARA O TRATAMENTO DOS TEUS DATOS?<\/h2>\n<p>A base legal que nos permite tratar os teus datos persoais tam\u00e9n depende da finalidade para a que os tratemos, deste xeito atoparemos distintas bases legais en virtude das seguintes finalidades:<\/p>\n<ol>\n<li><strong>Atenci\u00f3n solicitudes de informaci\u00f3n.<\/strong><\/li>\n<\/ol>\n<p>A base legal para o tratamento dos teus datos \u00e9 o consentimento informado para dar resposta \u00e1s consultas expostas a trav\u00e9s da p\u00e1xina web, o que sup\u00f3n a aceptaci\u00f3n destas condici\u00f3ns por parte do interesado.<\/p>\n<ol start=\"2\">\n<li><strong>Mercadotecnia e Xesti\u00f3n da s\u00faa participaci\u00f3n en concursos, sorteos e promoci\u00f3ns.<\/strong><\/li>\n<\/ol>\n<p>A base lex\u00edtima para tratar os teus datos con finalidades de mercadotecnia \u00e9 o consentimento que ti prestas.<\/p>\n<ol start=\"3\">\n<li><strong>Venda de produtos<\/strong>: a base legal \u00e9 a execuci\u00f3n dun contrato (xesti\u00f3n dos seus pedidos, env\u00edo \u00e1 direcci\u00f3n facilitada, atenci\u00f3n de devoluci\u00f3ns, consultas e incidencias?).<\/li>\n<li><strong>An\u00e1lise de usabilidade e de calidade<\/strong> (Cookies).<\/li>\n<\/ol>\n<p>Consentimento do usuario para a implantaci\u00f3n de cookies.<\/p>\n<h2>DURANTE CANTO TEMPO CONSERVAREMOS OS TEUS DATOS?<\/h2>\n<ol>\n<li><strong>Solicitude de informaci\u00f3n.<\/strong><\/li>\n<\/ol>\n<p>Trataremos os teus datos durante o tempo que sexa necesario para atender a t\u00faa solicitude ou petici\u00f3n e posteriormente 1 ano.<\/p>\n<ol start=\"2\">\n<li><strong>Mercadotecnia<\/strong><\/li>\n<\/ol>\n<p>Trataremos os teus datos ata que solicites a baixa ou canceles a t\u00faa subscrici\u00f3n \u00e1 newsletter.<\/p>\n<ol start=\"3\">\n<li><strong>Venda de produtos:<\/strong><\/li>\n<\/ol>\n<p>Trataremos os teus datos at\u00e9 10 anos despois de finalizaci\u00f3n da t\u00faa \u00faltima compra ou servizo.<\/p>\n<h2>COMPARTIREMOS OS TEUS DATOS CON TERCEIROS?<\/h2>\n<p>Para cumprir as finalidades indicadas na presente Pol\u00edtica de Privacidade, \u00e9 necesario que deamos acceso aos teus datos persoais a terceiras partes que nos presten apoio nos servizos que che ofrecemos e que detallamos a continuaci\u00f3n:<\/p>\n<ul>\n<li>Para levar a cabo a prestaci\u00f3n do servizo correspondente e p\u00f3r en contacto aos solicitantes con ofertantes de servizos.<\/li>\n<li>Provedores de servizos tecnol\u00f3xicos.<\/li>\n<li>Outras empresas do grupo Bodegas Mart\u00edn C\u00f3dax.<\/li>\n<\/ul>\n<h2>CALES SON Os teus DEREITOS CANDO NOS FACILITAS OS TEUS DATOS?<\/h2>\n<p>Compromet\u00e9monos a respectar a confidencialidade dos teus datos persoais e a garantirlle o exercicio dos seus dereitos.<\/p>\n<p>Poder\u00e1s exercitalos sen custo alg\u00fan remitindo un correo electr\u00f3nico \u00e1 nosa direcci\u00f3n comunicacion@martincodax.com, simplemente indic\u00e1ndonos o motivo da t\u00faa solicitude e o dereito que queres exercitar.<\/p>\n<p>No caso de que o consideremos necesario para poder identificarche, poderemos solicitarche copia dun documento acreditativo da t\u00faa identidade. En particular, independentemente da finalidade ou a base legal en virtude da que tratemos os teus datos, tes dereito a:<\/p>\n<ul>\n<li>Pedirnos acceso aos datos teus dos que dispomos.<\/li>\n<li>Pedirnos que rectifiquemos os datos dos que xa dispomos.<\/li>\n<li>Pedirnos que suprimamos os teus datos na medida en que xa non sexan necesarios para a finalidade para os que necesitemos tratalos segundo inform\u00e1mosche con anterioridade, ou en que xa non contemos con legitimaci\u00f3n para facelo.<\/li>\n<li>Pedirnos que limitemos o tratamento dos teus datos, o que sup\u00f3n que en determinados casos poidas solicitarnos que suspendamos temporalmente o tratamento dos datos ou que os conservemos m\u00e1is al\u00f3 do tempo necesario cando poidas necesitalo. Se nos proporcionaches o teu consentimento para o tratamento dos teus datos para calquera finalidade, tam\u00e9n tes dereito a retiralo en calquera momento.<\/li>\n<li>Por outra banda, cando o tratamento dos teus datos estea baseado no noso interese lex\u00edtimo, tam\u00e9n ter\u00e1s dereito a oporche ao tratamento dos teus datos.<\/li>\n<\/ul>\n<h2>CAMBIOS \u00c1 POL\u00cdTICA DE PRIVACIDADE<\/h2>\n<p>\u00c9 posible que modifiquemos a informaci\u00f3n contida nesta Pol\u00edtica de Privacidade cando o estimemos conveniente. No caso de que o fagamos, notificar\u00e9mosllo por distintas v\u00edas a trav\u00e9s da Plataforma, ou mesmo llo comunicaremos \u00e1 t\u00faa direcci\u00f3n de correo electr\u00f3nico cando o cambio en cuesti\u00f3n sexa significativo para coa s\u00faa privacidade, de maneira que poida revisar os cambios, valoralos e, no seu caso, oporse ou darse de baixa nalg\u00fan servizo ou funcionalidade.<\/p>\n<h2>INFORMACI\u00d3N SOBRE COOKIES<\/h2>\n<p>Utilizamos cookies e dispositivos similares para facilitar a s\u00faa navegaci\u00f3n na plataforma, co\u00f1ecer como interact\u00faas connosco e, en determinados casos, poder mostrarche publicidade en funci\u00f3n dos teus h\u00e1bitos de navegaci\u00f3n. Por favor, le a nosa Pol\u00edtica de Cookies para co\u00f1ecer con maior detalle as cookies e dispositivos similares que usamos, a s\u00faa finalidade e outra informaci\u00f3n de interese.<\/p>\n<h2>MEDIDAS DE SEGURIDADE<\/h2>\n<p>BODEGAS MART\u00cdN C\u00d3DAX, S.A.U. ten implantadas as medidas t\u00e9cnicas e organizativas necesarias para garantir a seguridade dos seus datos de car\u00e1cter persoal e evitar a s\u00faa alteraci\u00f3n, a perda e o tratamento e\/ou o acceso non autorizado, tendo en conta o estado da tecnolox\u00eda, a natureza dos datos almacenados e os riscos provenientes da acci\u00f3n humana ou do medio f\u00edsico e natural a que est\u00e1n expostas.<\/p>\n<\/div><\/div><\/div><\/div><\/div><\/div><\/div><\/section>\n","protected":false},"excerpt":{"rendered":"Pol\u00edtica de privacidadBODEGAS MART\u00cdN C\u00d3DAX, S.A.U. CIF: A36033009 BURG\u00c1NS, N\u00ba91 &#8211; 36633 CAMBADOS (PONTEVEDRA) REXISTRO MERCANTIL: TOMO 449, FOLIO 001, FOLLA PO-6543, INSCRICI\u00d3N 1\u00aa De acordo co establecido pola normativa de Protecci\u00f3n de Datos de Car\u00e1cter Persoal, inform\u00e1moslle que est\u00e1 a facilitar os seus datos de car\u00e1cter persoal ao Responsable de Tratamento ADEGAS MART\u00cdN C\u00d3DAX,...","protected":false},"author":1,"featured_media":0,"parent":0,"menu_order":0,"comment_status":"closed","ping_status":"closed","template":"","meta":{"footnotes":""},"class_list":["post-367","page","type-page","status-publish","hentry"],"yoast_head":"<!-- This site is optimized with the Yoast SEO plugin v27.5 - https:\/\/yoast.com\/product\/yoast-seo-wordpress\/ -->\n<title>Pol\u00edtica de privacidade - Mara Mart\u00edn<\/title>\n<meta name=\"robots\" content=\"index, follow, max-snippet:-1, max-image-preview:large, max-video-preview:-1\" \/>\n<link rel=\"canonical\" href=\"https:\/\/maramartin.es\/gl\/politica-de-privacidad\/\" \/>\n<meta property=\"og:locale\" content=\"gl_ES\" \/>\n<meta property=\"og:type\" content=\"article\" \/>\n<meta property=\"og:title\" content=\"Pol\u00edtica de privacidade - Mara Mart\u00edn\" \/>\n<meta property=\"og:url\" content=\"https:\/\/maramartin.es\/gl\/politica-de-privacidad\/\" \/>\n<meta property=\"og:site_name\" content=\"Mara Mart\u00edn\" \/>\n<meta property=\"article:modified_time\" content=\"2024-04-23T10:58:11+00:00\" \/>\n<meta name=\"twitter:card\" content=\"summary_large_image\" \/>\n<meta name=\"twitter:label1\" content=\"Tempo de lectura\" \/>\n\t<meta name=\"twitter:data1\" content=\"6 minutos\" \/>\n<script type=\"application\/ld+json\" class=\"yoast-schema-graph\">{\"@context\":\"https:\\\/\\\/schema.org\",\"@graph\":[{\"@type\":\"WebPage\",\"@id\":\"https:\\\/\\\/maramartin.es\\\/gl\\\/politica-de-privacidad\\\/\",\"url\":\"https:\\\/\\\/maramartin.es\\\/gl\\\/politica-de-privacidad\\\/\",\"name\":\"Pol\u00edtica de privacidade - Mara Mart\u00edn\",\"isPartOf\":{\"@id\":\"https:\\\/\\\/maramartin.es\\\/#website\"},\"datePublished\":\"2024-02-29T09:27:14+00:00\",\"dateModified\":\"2024-04-23T10:58:11+00:00\",\"breadcrumb\":{\"@id\":\"https:\\\/\\\/maramartin.es\\\/gl\\\/politica-de-privacidad\\\/#breadcrumb\"},\"inLanguage\":\"gl-ES\",\"potentialAction\":[{\"@type\":\"ReadAction\",\"target\":[\"https:\\\/\\\/maramartin.es\\\/gl\\\/politica-de-privacidad\\\/\"]}]},{\"@type\":\"BreadcrumbList\",\"@id\":\"https:\\\/\\\/maramartin.es\\\/gl\\\/politica-de-privacidad\\\/#breadcrumb\",\"itemListElement\":[{\"@type\":\"ListItem\",\"position\":1,\"name\":\"Portada\",\"item\":\"https:\\\/\\\/maramartin.es\\\/gl\\\/\"},{\"@type\":\"ListItem\",\"position\":2,\"name\":\"Pol\u00edtica de privacidade\"}]},{\"@type\":\"WebSite\",\"@id\":\"https:\\\/\\\/maramartin.es\\\/#website\",\"url\":\"https:\\\/\\\/maramartin.es\\\/\",\"name\":\"Mara Mart\u00edn\",\"description\":\"Vino godello de la D.O. Monterrei\",\"potentialAction\":[{\"@type\":\"SearchAction\",\"target\":{\"@type\":\"EntryPoint\",\"urlTemplate\":\"https:\\\/\\\/maramartin.es\\\/?s={search_term_string}\"},\"query-input\":{\"@type\":\"PropertyValueSpecification\",\"valueRequired\":true,\"valueName\":\"search_term_string\"}}],\"inLanguage\":\"gl-ES\"}]}<\/script>\n<!-- \/ Yoast SEO plugin. -->","yoast_head_json":{"title":"Pol\u00edtica de privacidade - Mara Mart\u00edn","robots":{"index":"index","follow":"follow","max-snippet":"max-snippet:-1","max-image-preview":"max-image-preview:large","max-video-preview":"max-video-preview:-1"},"canonical":"https:\/\/maramartin.es\/gl\/politica-de-privacidad\/","og_locale":"gl_ES","og_type":"article","og_title":"Pol\u00edtica de privacidade - Mara Mart\u00edn","og_url":"https:\/\/maramartin.es\/gl\/politica-de-privacidad\/","og_site_name":"Mara Mart\u00edn","article_modified_time":"2024-04-23T10:58:11+00:00","twitter_card":"summary_large_image","twitter_misc":{"Tempo de lectura":"6 minutos"},"schema":{"@context":"https:\/\/schema.org","@graph":[{"@type":"WebPage","@id":"https:\/\/maramartin.es\/gl\/politica-de-privacidad\/","url":"https:\/\/maramartin.es\/gl\/politica-de-privacidad\/","name":"Pol\u00edtica de privacidade - Mara Mart\u00edn","isPartOf":{"@id":"https:\/\/maramartin.es\/#website"},"datePublished":"2024-02-29T09:27:14+00:00","dateModified":"2024-04-23T10:58:11+00:00","breadcrumb":{"@id":"https:\/\/maramartin.es\/gl\/politica-de-privacidad\/#breadcrumb"},"inLanguage":"gl-ES","potentialAction":[{"@type":"ReadAction","target":["https:\/\/maramartin.es\/gl\/politica-de-privacidad\/"]}]},{"@type":"BreadcrumbList","@id":"https:\/\/maramartin.es\/gl\/politica-de-privacidad\/#breadcrumb","itemListElement":[{"@type":"ListItem","position":1,"name":"Portada","item":"https:\/\/maramartin.es\/gl\/"},{"@type":"ListItem","position":2,"name":"Pol\u00edtica de privacidade"}]},{"@type":"WebSite","@id":"https:\/\/maramartin.es\/#website","url":"https:\/\/maramartin.es\/","name":"Mara Mart\u00edn","description":"Vino godello de la D.O. Monterrei","potentialAction":[{"@type":"SearchAction","target":{"@type":"EntryPoint","urlTemplate":"https:\/\/maramartin.es\/?s={search_term_string}"},"query-input":{"@type":"PropertyValueSpecification","valueRequired":true,"valueName":"search_term_string"}}],"inLanguage":"gl-ES"}]}},"_links":{"self":[{"href":"https:\/\/maramartin.es\/gl\/wp-json\/wp\/v2\/pages\/367","targetHints":{"allow":["GET"]}}],"collection":[{"href":"https:\/\/maramartin.es\/gl\/wp-json\/wp\/v2\/pages"}],"about":[{"href":"https:\/\/maramartin.es\/gl\/wp-json\/wp\/v2\/types\/page"}],"author":[{"embeddable":true,"href":"https:\/\/maramartin.es\/gl\/wp-json\/wp\/v2\/users\/1"}],"replies":[{"embeddable":true,"href":"https:\/\/maramartin.es\/gl\/wp-json\/wp\/v2\/comments?post=367"}],"version-history":[{"count":3,"href":"https:\/\/maramartin.es\/gl\/wp-json\/wp\/v2\/pages\/367\/revisions"}],"predecessor-version":[{"id":381,"href":"https:\/\/maramartin.es\/gl\/wp-json\/wp\/v2\/pages\/367\/revisions\/381"}],"wp:attachment":[{"href":"https:\/\/maramartin.es\/gl\/wp-json\/wp\/v2\/media?parent=367"}],"curies":[{"name":"wp","href":"https:\/\/api.w.org\/{rel}","templated":true}]}}