{"id":365,"date":"2024-02-29T11:48:30","date_gmt":"2024-02-29T10:48:30","guid":{"rendered":"https:\/\/maramartin.es\/aviso-legal\/"},"modified":"2024-04-22T16:39:50","modified_gmt":"2024-04-22T15:39:50","slug":"aviso-legal","status":"publish","type":"page","link":"https:\/\/maramartin.es\/gl\/aviso-legal\/","title":{"rendered":"Aviso legal"},"content":{"rendered":"<section class=\"l-section wpb_row us_custom_b302cb86 us_animate_this height_medium\"><div class=\"l-section-h i-cf\"><div class=\"g-cols vc_row via_flex valign_middle type_default stacking_default\"><div class=\"vc_col-sm-12 wpb_column vc_column_container\"><div class=\"vc_column-inner\"><div class=\"wpb_wrapper\"><\/div><\/div><\/div><\/div><\/div><\/section><section class=\"l-section wpb_row us_custom_f3f68ac4 legales height_huge\"><div class=\"l-section-h i-cf\"><div class=\"g-cols vc_row via_flex valign_top type_default stacking_default\"><div class=\"vc_col-sm-12 wpb_column vc_column_container\"><div class=\"vc_column-inner\"><div class=\"wpb_wrapper\"><h1 class=\"w-text us_custom_e911e388 titular-naranja us_animate_this\"><span class=\"w-text-h\"><span class=\"w-text-value\">Aviso legal<\/span><\/span><\/h1><div class=\"w-separator size_small\"><\/div><div class=\"wpb_text_column\"><div class=\"wpb_wrapper\"><p>Benvido a <u>www.maramartin.es.<\/u><\/p>\n<ol>\n<li><strong>Identificaci\u00f3n e titularidade.<\/strong><\/li>\n<\/ol>\n<p>En cumprimento da Lei 34\/2002, de 11 de xullo, de servizos da sociedade da informaci\u00f3n e de comercio electr\u00f3nico, inform\u00e1moslle de que o sitio web www.maramartin.es (o Sitio web) \u00e9 titularidade de BODEGAS MART\u00cdN C\u00d3DAX S.A.U., sociedade mercantil de nacionalidade espa\u00f1ola, cuxos datos identificativos e de contacto son os seguintes:<\/p>\n<ul>\n<li>Denominaci\u00f3n social: BODEGAS MART\u00cdN C\u00d3DAX S.A.U. (en diante, MART\u00cdN CODAX).<\/li>\n<li>N\u00famero de Identificaci\u00f3n Fiscal (NIF): A36033009.<\/li>\n<li>Inscrici\u00f3n rexistral: inscrita no Rexistro Mercantil de Pontevedra ao Tomo 449, Folio 95, Folla PO-6875.<\/li>\n<li>Domicilio social: Burg\u00e1ns, n\u00ba. 91, C.P. 36633, Cambados (Pontevedra).<\/li>\n<li>Contacto: pode porse en contacto con MART\u00cdN CODAX a trav\u00e9s da direcci\u00f3n de correo electr\u00f3nico administracion@martincodax.com.<\/li>\n<\/ul>\n<ol start=\"2\">\n<li>2<strong>. Condici\u00f3ns de uso do Sitio web.<\/strong><\/li>\n<\/ol>\n<p>O uso do Sitio web r\u00e9xese polas normas establecidas no presente aviso legal. A continuaci\u00f3n, refer\u00edmonos \u00e1 persoa que usa a p\u00e1xina como o Usuario.<\/p>\n<p>Coa utilizaci\u00f3n do Sitio web, o Usuario acepta as condici\u00f3ns de uso establecidas neste aviso legal. Se non estivese conforme con todas e cada unha das cl\u00e1usulas establecidas no presente aviso legal ou coas cl\u00e1usulas espec\u00edficas de aplicaci\u00f3n, deber\u00e1s absterche de acceder e\/ou utilizar este Sitio web. MART\u00cdN CODAX res\u00e9rvase o dereito a modificar ou actualizar os termos e condici\u00f3ns contidos neste aviso legal. Por iso, o Usuario debe ler o aviso legal en todas e cada unha das ocasi\u00f3ns en que acceda ao Sitio web co obxectivo de estar adecuadamente informado, ao ser susceptible de cambios.<\/p>\n<p>O acceso a este Sitio web est\u00e1 reservado \u00fanica e exclusivamente a persoas maiores de idade, dado que a lexislaci\u00f3n vixente prohibe a publicidade, venda, consumo e subministraci\u00f3n de alcol aos menores de 18 anos. Por iso, en cada acceso ao Sitio web o Usuario deber\u00e1 confirmar se \u00e9 maior ou menor de 18 anos. No caso de que sexa menor de idade, o Usuario non ter\u00e1 acceso ao Sitio web. No entanto, MART\u00cdN C\u00d3DAX non se responsabiliza da falta de certeza da informaci\u00f3n facilitada acerca da idade do Usuario nin se responsabilizar\u00e1 daquelas persoas menores de idade que, facilitando datos inexactos, poidan chegar a acceder ao Sitio web incumprindo dita condici\u00f3n de acceso, ao corresponder exclusivamente \u00e1s persoas maiores de idade que se atopan a cargo dos menores de idade a plena responsabilidade na determinaci\u00f3n dos concretos contidos e servizos aos que acceden.<\/p>\n<p>O Usuario est\u00e1 obrigado e comprom\u00e9tese a utilizar o Sitio web e os contidos de conformidade coa lexislaci\u00f3n vixente, con este aviso legal e con calquera outro aviso ou condicionado postos no seu co\u00f1ecemento. Para ese efecto, o Usuario obr\u00edgase e compromete a NON utilizar calquera dos contidos do Sitio web con fins ou efectos il\u00edcitos, prohibidos neste aviso legal ou pola lexislaci\u00f3n vixente, lesivos dos dereitos e intereses de terceiros, ou que de calquera forma poidan danar, inutilizar, sobrecargar, deteriorar ou impedir a normal utilizaci\u00f3n dos contidos, os equipos inform\u00e1ticos (hardware e\/ou software) ou os documentos, arquivos e toda clase de contidos almacenados en calquera equipo inform\u00e1tico, propio ou contratado, de MART\u00cdN C\u00d3DAX, de empresas do seu grupo empresarial, doutros usuarios ou de calquera terceiro.<br \/>\nMART\u00cdN C\u00d3DAX res\u00e9rvase o dereito a interromper o funcionamento do Sitio web se detecta un uso que poida considerar contrario ao expresado no presente aviso legal ou que puidese danar a imaxe, os intereses ou os seus dereitos ou os de terceiros, ou danar, inutilizar, sobrecargar, ou impedir de calquera forma a utilizaci\u00f3n do Sitio web.<\/p>\n<p><strong>3. Propiedade intelectual e industrial.<\/strong><br \/>\nTodos os contidos do Sitio web, inclu\u00edndo, a t\u00edtulo meramente enunciativo, as marcas, nomes comerciais, dese\u00f1os industriais, textos, ilustraci\u00f3ns, fotograf\u00edas, gr\u00e1ficos, logotipos, iconas, contidos audiovisuais ou sonoros, tecnolox\u00eda, software e calquera outros signos susceptibles de utilizaci\u00f3n industrial e comercial (os \u201cContidos\u201d), est\u00e1n protexidos por dereitos de propiedade industrial e intelectual de MART\u00cdN C\u00d3DAX ou de terceiros titulares dos mesmos que autorizaron a s\u00faa inclusi\u00f3n no Sitio web.<\/p>\n<p>Queda por tanto prohibida calquera utilizaci\u00f3n e\/ou reproduci\u00f3n dos mesmos a trav\u00e9s de calquera medio (inclu\u00edndo, a t\u00edtulo meramente enunciativo, internet, nomes de dominio, redes sociais, p\u00e1xinas webs, blogs, foros, etc.) sen o previo consentimento expreso e por escrito de MART\u00cdN C\u00d3DAX. En ning\u00fan caso o acceso ao Sitio web atrib\u00fae ning\u00fan dereito, nin expectativa de dereito, ao Usuario sobre o Contido.<\/p>\n<p>O Usuario obr\u00edgase e comprom\u00e9tese a non transmitir, modificar, copiar, reutilizar, explotar, reproducir, comunicar publicamente, facer segundas ou posteriores publicaci\u00f3ns, usar, tratar ou distribu\u00edr de calquera forma a totalidade ou parte dos Contidos do Sitio web, non podendo tampouco o Usuario suprimir, manipular ou de calquera forma alterar o aviso de dereitos de propiedade intelectual e industrial e demais datos identificativos da reserva de dereitos que puideren inclu\u00edrse nos Contidos e\/ou no Sitio web.<\/p>\n<p>&nbsp;<\/p>\n<ol start=\"4\">\n<li><strong> Exclusi\u00f3n de garant\u00edas e limitaci\u00f3n de responsabilidade. <\/strong><\/li>\n<\/ol>\n<p>O Usuario asume que o acceso e utilizaci\u00f3n do Sitio web ten lugar baixo a s\u00faa exclusiva responsabilidade. As\u00ed mesmo, o Usuario asume que o Sitio web pode conter erros tipogr\u00e1ficos ou de calquera outro tipo que puidesen pasar inadvertidos para MART\u00cdN C\u00d3DAX. Os mesmos ser\u00e1n corrixidos a discreci\u00f3n de MART\u00cdN C\u00d3DAX a medida que se identifiquen, polo que declina calquera tipo de responsabilidade a este respecto. MART\u00cdN C\u00d3DAX non garante a dispo\u00f1ibilidade e continuidade do Sitio web, do seu contido, dos servizos vinculados ao mesmo, nin a s\u00faa idoneidade.<\/p>\n<p>De forma peri\u00f3dica poden incorporarse cambios \u00e1 informaci\u00f3n contida ou publicada no Sitio web. \u00c9 responsabilidade do Usuario adoptar todas as medidas t\u00e9cnicas adecuadas para controlar razoablemente as ameazas derivadas do uso de internet e, entre elas, utilizar sistemas actualizados de detecci\u00f3n de software malicioso (tales como virus, troyanos, etc.), as\u00ed como ter actualizados os parches de seguridade dos correspondentes navegadores e sistemas operativos.<\/p>\n<p>En ning\u00fan caso MART\u00cdN C\u00d3DAX ser\u00e1 responsable dos danos ou prexu\u00edzos (calquera que sexa a s\u00faa natureza) causados ao Usuario que te\u00f1an relaci\u00f3n con, ou sexan consecuencia de, o acceso, uso ou a ineptitude para o uso do Sitio web, nin tampouco daqueles que sexan causados por calquera fallos no seu funcionamento, bloqueo, omisi\u00f3n, interrupci\u00f3n, demora na transmisi\u00f3n, software malicioso (virus, troyanos, etc.) ou polas vulnerabilidades nos seus sistemas e ferramentas.<\/p>\n<p>As\u00ed mesmo, MART\u00cdN C\u00d3DAX declina calquera responsabilidade respecto da informaci\u00f3n que se ache fose deste Sitio web e que non sexa xestionada directamente por ela. A funci\u00f3n das ligaz\u00f3ns que, no seu caso, aparezan neste Sitio web \u00e9 exclusivamente a de informar o Usuario sobre a existencia doutras fontes de informaci\u00f3n sobre a materia en internet, onde poder\u00e1 ampliar os datos ofrecidos neste Sitio web. Devanditas ligaz\u00f3ns non foron revisados nin son obxecto de control por parte de MART\u00cdN C\u00d3DAX nin a s\u00faa publicaci\u00f3n no Sitio web sup\u00f3n ningunha suxesti\u00f3n, invitaci\u00f3n nin recomendaci\u00f3n para a visita das p\u00e1xinas web de destino, e, por iso, MART\u00cdN C\u00d3DAX non ser\u00e1 responsable do resultado obtido da utilizaci\u00f3n das devanditos ligaz\u00f3ns.<\/p>\n<p>MART\u00cdN C\u00d3DAX unicamente responsabilizarase das condutas e contidos propios e, por tanto, non responder\u00e1 as actuaci\u00f3ns, informaci\u00f3ns, manifestaci\u00f3ns, opini\u00f3ns ou condutas manifestadas polos usuarios do Sitio web, a\u00ednda cando afecten os dereitos de terceiros.<\/p>\n<p>O Usuario responder\u00e1 os danos e prexu\u00edzos que MART\u00cdN C\u00d3DAX, as s\u00faas afiliadas, sucursais, matrices ou compa\u00f1\u00edas asociadas e calquera terceiros poidan sufrir, directa ou indirectamente, como consecuencia do incumprimento de calquera das obrigaci\u00f3ns derivadas dos termos e condici\u00f3ns deste aviso legal ou de calquera outras obrigaci\u00f3ns legais que foren aplicables e manter\u00e1 indemne a MART\u00cdN C\u00d3DAX fronte a calquera sanci\u00f3n, reclamaci\u00f3n ou demanda que puidese interporse por un terceiro, inclu\u00eddos organismos p\u00fablicos, contra MART\u00cdN C\u00d3DAX, as s\u00faas afiliadas, sucursais, matrices, compa\u00f1\u00edas asociadas ou axentes como consecuencia da vulneraci\u00f3n de calquera dereitos de terceiros por parte do devandito usuario pola utilizaci\u00f3n deste sitio ou dos servizos e materiais vinculados ao mesmo en forma contraria a este aviso legal ou \u00e1 lexislaci\u00f3n aplicable. MART\u00cdN C\u00d3DAX res\u00e9rvase o dereito a defender e controlar con exclusividade calquera reclamaci\u00f3n deste tipo e o Usuario comprom\u00e9tese a cooperar enteiramente coa mesma en dita defensa.<\/p>\n<p>No caso de que calquera estipulaci\u00f3n do presente aviso legal resultase inexigible ou nula en virtude da lexislaci\u00f3n aplicable ou como consecuencia dunha resoluci\u00f3n xudicial ou administrativa, dita inexigibilidad ou nulidade non far\u00e1 que o resto das obrigaci\u00f3ns e cuesti\u00f3ns previstas no aviso legal resulten inexigibles ou nulas no seu conxunto. Nos devanditos casos, MART\u00cdN C\u00d3DAX proceder\u00e1 \u00e1 modificaci\u00f3n ou substituci\u00f3n de dicha estipulaci\u00f3n por outra que sexa v\u00e1lida e exixible e que, na medida do posible, consiga o obxectivo e pretensi\u00f3n reflectidos na estipulaci\u00f3n orixinal.<\/p>\n<\/div><\/div><\/div><\/div><\/div><\/div><\/div><\/section>\n","protected":false},"excerpt":{"rendered":"Aviso legalBenvido a www.maramartin.es. Identificaci\u00f3n e titularidade. En cumprimento da Lei 34\/2002, de 11 de xullo, de servizos da sociedade da informaci\u00f3n e de comercio electr\u00f3nico, inform\u00e1moslle de que o sitio web www.maramartin.es (o Sitio web) \u00e9 titularidade de BODEGAS MART\u00cdN C\u00d3DAX S.A.U., sociedade mercantil de nacionalidade espa\u00f1ola, cuxos datos identificativos e de contacto son...","protected":false},"author":1,"featured_media":0,"parent":0,"menu_order":0,"comment_status":"closed","ping_status":"closed","template":"","meta":{"footnotes":""},"class_list":["post-365","page","type-page","status-publish","hentry"],"yoast_head":"<!-- This site is optimized with the Yoast SEO plugin v27.5 - https:\/\/yoast.com\/product\/yoast-seo-wordpress\/ -->\n<title>Aviso legal - Mara Mart\u00edn<\/title>\n<meta name=\"robots\" content=\"index, follow, max-snippet:-1, max-image-preview:large, max-video-preview:-1\" \/>\n<link rel=\"canonical\" href=\"https:\/\/maramartin.es\/gl\/aviso-legal\/\" \/>\n<meta property=\"og:locale\" content=\"gl_ES\" \/>\n<meta property=\"og:type\" content=\"article\" \/>\n<meta property=\"og:title\" content=\"Aviso legal - Mara Mart\u00edn\" \/>\n<meta property=\"og:url\" content=\"https:\/\/maramartin.es\/gl\/aviso-legal\/\" \/>\n<meta property=\"og:site_name\" content=\"Mara Mart\u00edn\" \/>\n<meta property=\"article:modified_time\" content=\"2024-04-22T15:39:50+00:00\" \/>\n<meta name=\"twitter:card\" content=\"summary_large_image\" \/>\n<meta name=\"twitter:label1\" content=\"Tempo de lectura\" \/>\n\t<meta name=\"twitter:data1\" content=\"7 minutos\" \/>\n<script type=\"application\/ld+json\" class=\"yoast-schema-graph\">{\"@context\":\"https:\\\/\\\/schema.org\",\"@graph\":[{\"@type\":\"WebPage\",\"@id\":\"https:\\\/\\\/maramartin.es\\\/gl\\\/aviso-legal\\\/\",\"url\":\"https:\\\/\\\/maramartin.es\\\/gl\\\/aviso-legal\\\/\",\"name\":\"Aviso legal - Mara Mart\u00edn\",\"isPartOf\":{\"@id\":\"https:\\\/\\\/maramartin.es\\\/#website\"},\"datePublished\":\"2024-02-29T10:48:30+00:00\",\"dateModified\":\"2024-04-22T15:39:50+00:00\",\"breadcrumb\":{\"@id\":\"https:\\\/\\\/maramartin.es\\\/gl\\\/aviso-legal\\\/#breadcrumb\"},\"inLanguage\":\"gl-ES\",\"potentialAction\":[{\"@type\":\"ReadAction\",\"target\":[\"https:\\\/\\\/maramartin.es\\\/gl\\\/aviso-legal\\\/\"]}]},{\"@type\":\"BreadcrumbList\",\"@id\":\"https:\\\/\\\/maramartin.es\\\/gl\\\/aviso-legal\\\/#breadcrumb\",\"itemListElement\":[{\"@type\":\"ListItem\",\"position\":1,\"name\":\"Portada\",\"item\":\"https:\\\/\\\/maramartin.es\\\/gl\\\/\"},{\"@type\":\"ListItem\",\"position\":2,\"name\":\"Aviso legal\"}]},{\"@type\":\"WebSite\",\"@id\":\"https:\\\/\\\/maramartin.es\\\/#website\",\"url\":\"https:\\\/\\\/maramartin.es\\\/\",\"name\":\"Mara Mart\u00edn\",\"description\":\"Vino godello de la D.O. Monterrei\",\"potentialAction\":[{\"@type\":\"SearchAction\",\"target\":{\"@type\":\"EntryPoint\",\"urlTemplate\":\"https:\\\/\\\/maramartin.es\\\/?s={search_term_string}\"},\"query-input\":{\"@type\":\"PropertyValueSpecification\",\"valueRequired\":true,\"valueName\":\"search_term_string\"}}],\"inLanguage\":\"gl-ES\"}]}<\/script>\n<!-- \/ Yoast SEO plugin. -->","yoast_head_json":{"title":"Aviso legal - Mara Mart\u00edn","robots":{"index":"index","follow":"follow","max-snippet":"max-snippet:-1","max-image-preview":"max-image-preview:large","max-video-preview":"max-video-preview:-1"},"canonical":"https:\/\/maramartin.es\/gl\/aviso-legal\/","og_locale":"gl_ES","og_type":"article","og_title":"Aviso legal - Mara Mart\u00edn","og_url":"https:\/\/maramartin.es\/gl\/aviso-legal\/","og_site_name":"Mara Mart\u00edn","article_modified_time":"2024-04-22T15:39:50+00:00","twitter_card":"summary_large_image","twitter_misc":{"Tempo de lectura":"7 minutos"},"schema":{"@context":"https:\/\/schema.org","@graph":[{"@type":"WebPage","@id":"https:\/\/maramartin.es\/gl\/aviso-legal\/","url":"https:\/\/maramartin.es\/gl\/aviso-legal\/","name":"Aviso legal - Mara Mart\u00edn","isPartOf":{"@id":"https:\/\/maramartin.es\/#website"},"datePublished":"2024-02-29T10:48:30+00:00","dateModified":"2024-04-22T15:39:50+00:00","breadcrumb":{"@id":"https:\/\/maramartin.es\/gl\/aviso-legal\/#breadcrumb"},"inLanguage":"gl-ES","potentialAction":[{"@type":"ReadAction","target":["https:\/\/maramartin.es\/gl\/aviso-legal\/"]}]},{"@type":"BreadcrumbList","@id":"https:\/\/maramartin.es\/gl\/aviso-legal\/#breadcrumb","itemListElement":[{"@type":"ListItem","position":1,"name":"Portada","item":"https:\/\/maramartin.es\/gl\/"},{"@type":"ListItem","position":2,"name":"Aviso legal"}]},{"@type":"WebSite","@id":"https:\/\/maramartin.es\/#website","url":"https:\/\/maramartin.es\/","name":"Mara Mart\u00edn","description":"Vino godello de la D.O. Monterrei","potentialAction":[{"@type":"SearchAction","target":{"@type":"EntryPoint","urlTemplate":"https:\/\/maramartin.es\/?s={search_term_string}"},"query-input":{"@type":"PropertyValueSpecification","valueRequired":true,"valueName":"search_term_string"}}],"inLanguage":"gl-ES"}]}},"_links":{"self":[{"href":"https:\/\/maramartin.es\/gl\/wp-json\/wp\/v2\/pages\/365","targetHints":{"allow":["GET"]}}],"collection":[{"href":"https:\/\/maramartin.es\/gl\/wp-json\/wp\/v2\/pages"}],"about":[{"href":"https:\/\/maramartin.es\/gl\/wp-json\/wp\/v2\/types\/page"}],"author":[{"embeddable":true,"href":"https:\/\/maramartin.es\/gl\/wp-json\/wp\/v2\/users\/1"}],"replies":[{"embeddable":true,"href":"https:\/\/maramartin.es\/gl\/wp-json\/wp\/v2\/comments?post=365"}],"version-history":[{"count":3,"href":"https:\/\/maramartin.es\/gl\/wp-json\/wp\/v2\/pages\/365\/revisions"}],"predecessor-version":[{"id":379,"href":"https:\/\/maramartin.es\/gl\/wp-json\/wp\/v2\/pages\/365\/revisions\/379"}],"wp:attachment":[{"href":"https:\/\/maramartin.es\/gl\/wp-json\/wp\/v2\/media?parent=365"}],"curies":[{"name":"wp","href":"https:\/\/api.w.org\/{rel}","templated":true}]}}