{"id":364,"date":"2024-02-29T11:48:00","date_gmt":"2024-02-29T10:48:00","guid":{"rendered":"https:\/\/maramartin.es\/contacto\/"},"modified":"2024-02-29T11:48:00","modified_gmt":"2024-02-29T10:48:00","slug":"contacto","status":"publish","type":"page","link":"https:\/\/maramartin.es\/gl\/contacto\/","title":{"rendered":"Contacto"},"content":{"rendered":"<section class=\"l-section wpb_row us_custom_8cffa0bf us_animate_this height_huge full_height valign_center\"><div class=\"l-section-h i-cf\"><div class=\"g-cols vc_row via_flex valign_middle type_default stacking_default\"><div class=\"vc_col-sm-12 wpb_column vc_column_container\"><div class=\"vc_column-inner\"><div class=\"wpb_wrapper\"><\/div><\/div><\/div><\/div><\/div><\/section><section class=\"l-section wpb_row us_custom_8e858c9c height_huge\"><div class=\"l-section-h i-cf\"><div class=\"g-cols vc_row via_flex valign_top type_default stacking_default\"><div class=\"vc_col-sm-5 wpb_column vc_column_container\"><div class=\"vc_column-inner us_custom_4ddeb562\"><div class=\"wpb_wrapper\"><h2 class=\"w-text us_custom_47474b22 titular-naranja us_animate_this hide_on_default hide_on_laptops hide_on_tablets\"><span class=\"w-text-h\"><span class=\"w-text-value\">Contacta connosco<\/span><\/span><\/h2><div class=\"w-separator us_custom_b2fdc721 us_animate_this hide_on_mobiles size_medium\"><\/div><div data-us-scroll=\"{&quot;from_initial_position&quot;:&quot;0&quot;,&quot;start_position&quot;:&quot;0%&quot;,&quot;end_position&quot;:&quot;100%&quot;,&quot;delay&quot;:&quot;0.1s&quot;,&quot;translate_y_direction&quot;:&quot;up&quot;,&quot;translate_y_speed&quot;:&quot;0.2x&quot;}\" class=\"w-image us_custom_c3657a99 has_scroll_effects has_translate_y align_none\"><div class=\"w-image-h\"><img decoding=\"async\" width=\"682\" height=\"631\" src=\"https:\/\/maramartin.es\/wp-content\/uploads\/2024\/03\/contacta-con-mara-martin-2.jpg\" class=\"attachment-full size-full\" alt=\"\" loading=\"lazy\" srcset=\"https:\/\/maramartin.es\/wp-content\/uploads\/2024\/03\/contacta-con-mara-martin-2.jpg 682w, https:\/\/maramartin.es\/wp-content\/uploads\/2024\/03\/contacta-con-mara-martin-2-300x278.jpg 300w\" sizes=\"auto, (max-width: 682px) 100vw, 682px\" \/><\/div><\/div><\/div><\/div><\/div><div class=\"vc_col-sm-7 wpb_column vc_column_container has_bg_color\"><div class=\"vc_column-inner us_custom_d9dd578b\"><div class=\"wpb_wrapper\"><h2 class=\"w-text us_custom_47474b22 titular-naranja us_animate_this hide_on_mobiles\"><span class=\"w-text-h\"><span class=\"w-text-value\">Contacta connosco<\/span><\/span><\/h2><div class=\"w-separator size_custom\" style=\"height:0.6rem\"><\/div><div class=\"wpb_text_column\"><div class=\"wpb_wrapper\"><p>Podes escribirnos a <a href=\"mailto:info@maramartin.es\">info@maramartin.es<\/a> ou encher o seguinte formulario.<\/p>\n<\/div><\/div><div class=\"w-separator size_small\"><\/div><form class=\"w-form  layout_ver for_cform us_form_1\" autocomplete=\"off\" action=\"https:\/\/maramartin.es\/gl\/wp-json\/wp\/v2\/pages\/364\" method=\"post\"><div class=\"w-form-h\"><div class=\"w-form-row for_text required with_icon\">\r\n\t\t<div class=\"w-form-row-field\">\r\n\t\t\t\t<i class=\"fal fa-user\"><\/i>\t\t<input aria-label=\"Nombre completo\" type=\"text\" name=\"us_form_1_text_1\" value placeholder=\"Nombre completo *\" data-required=\"true\" aria-required=\"true\"\/>\r\n\t\t\t<\/div>\r\n\t\t<div class=\"w-form-row-state\">Fill out this field<\/div>\r\n<\/div>\r\n<div class=\"w-form-row for_email required with_icon\">\r\n\t\t<div class=\"w-form-row-field\">\r\n\t\t\t\t<i class=\"fal fa-envelope\"><\/i>\t\t<input aria-label=\"Correo electr\u00f3nico\" type=\"email\" name=\"us_form_1_email_1\" value placeholder=\"Correo electr\u00f3nico *\" data-required=\"true\" aria-required=\"true\"\/>\r\n\t\t\t<\/div>\r\n\t\t<div class=\"w-form-row-state\">Por favor, introduce un enderezo de correo electr\u00f3nico v\u00e1lido.<\/div>\r\n<\/div>\r\n<div class=\"w-form-row for_textarea required with_icon\">\r\n\t\t<div class=\"w-form-row-field\">\r\n\t\t\t\t<i class=\"fal fa-comment\"><\/i>\t\t<textarea aria-label=\"Mensaje\" name=\"us_form_1_textarea_1\" placeholder=\"Mensaje *\" data-required=\"true\" aria-required=\"true\"><\/textarea>\r\n\t\t\t<\/div>\r\n\t\t<div class=\"w-form-row-state\">Fill out this field<\/div>\r\n<\/div>\r\n<div class=\"w-form-row for_agreement required\">\r\n\t\t<div class=\"w-form-row-field\">\r\n\t\t\t\t<label>\r\n\t\t\t<input type=\"checkbox\" value=\"1\" data-required=\"true\" aria-required=\"true\" name=\"us_form_1_agreement_1\"\/>\r\n\t\t\t<span>He le\u00eddo y acepto la <a href=\"\/politica-de-privacidad\">pol\u00edtica de privacidad<\/a><\/span>\r\n\t\t<\/label>\r\n\t\t\t<\/div>\r\n\t\t<div class=\"w-form-row-state\">You need to agree with the terms to proceed<\/div>\r\n<\/div>\r\n<input type=\"hidden\" name=\"action\" value=\"us_ajax_cform\" \/>\r\n<input type=\"hidden\" name=\"post_id\" value=\"0\" \/>\r\n<input type=\"hidden\" name=\"form_index\" value=\"1\" \/>\r\n<div class=\"w-form-row for_submit align_none\">\r\n\t<button class=\"w-btn  us-btn-style_1\" aria-label=\"Contactar con Mara Mart\u00edn\" type=\"submit\">\r\n\t\t<span class=\"g-preloader type_1\"><\/span>\r\n\t\t\t\t<span class=\"w-btn-label\">Contactar con Mara Mart\u00edn<\/span>\r\n\t\t\t<\/button>\r\n\t<\/div>\r\n<\/div><div class=\"w-form-message\"><\/div><div class=\"w-form-json hidden\" onclick='return {&quot;ajaxurl&quot;:&quot;https:\\\/\\\/maramartin.es\\\/wp-admin\\\/admin-ajax.php&quot;,&quot;messages&quot;:{&quot;err_empty&quot;:&quot;Fill out this field&quot;,&quot;err_size&quot;:&quot;File size cannot exceed %s MB&quot;,&quot;err_extension&quot;:&quot;%s file type is not allowed&quot;}}'><\/div><\/form><\/div><\/div><\/div><\/div><\/div><\/section><section class=\"l-section wpb_row height_medium\"><div class=\"l-section-h i-cf\"><div class=\"g-cols vc_row via_flex valign_top type_default stacking_default\"><div class=\"vc_col-sm-12 wpb_column vc_column_container\"><div class=\"vc_column-inner\"><div class=\"wpb_wrapper\"><\/div><\/div><\/div><\/div><\/div><\/section>\n","protected":false},"excerpt":{"rendered":"Contacta connoscoContacta connoscoPodes escribirnos a info@maramartin.es ou encher o seguinte formulario. Fill out this field Por favor, introduce un enderezo de correo electr\u00f3nico v\u00e1lido. Fill out this field He le\u00eddo y acepto la pol\u00edtica de privacidad You need to agree with the terms to proceed Contactar con Mara Mart\u00edn","protected":false},"author":1,"featured_media":0,"parent":0,"menu_order":0,"comment_status":"closed","ping_status":"closed","template":"","meta":{"footnotes":""},"class_list":["post-364","page","type-page","status-publish","hentry"],"yoast_head":"<!-- This site is optimized with the Yoast SEO plugin v27.5 - https:\/\/yoast.com\/product\/yoast-seo-wordpress\/ -->\n<title>Contacta con Mara Mart\u00edn, Godello da D.O. Monterrei<\/title>\n<meta name=\"robots\" content=\"index, follow, max-snippet:-1, max-image-preview:large, max-video-preview:-1\" \/>\n<link rel=\"canonical\" href=\"https:\/\/maramartin.es\/gl\/contacto\/\" \/>\n<meta property=\"og:locale\" content=\"gl_ES\" \/>\n<meta property=\"og:type\" content=\"article\" \/>\n<meta property=\"og:title\" content=\"Contacta con Mara Mart\u00edn, Godello da D.O. Monterrei\" \/>\n<meta property=\"og:url\" content=\"https:\/\/maramartin.es\/gl\/contacto\/\" \/>\n<meta property=\"og:site_name\" content=\"Mara Mart\u00edn\" \/>\n<meta name=\"twitter:card\" content=\"summary_large_image\" \/>\n<meta name=\"twitter:label1\" content=\"Tempo de lectura\" \/>\n\t<meta name=\"twitter:data1\" content=\"4 minutos\" \/>\n<script type=\"application\/ld+json\" class=\"yoast-schema-graph\">{\"@context\":\"https:\\\/\\\/schema.org\",\"@graph\":[{\"@type\":\"WebPage\",\"@id\":\"https:\\\/\\\/maramartin.es\\\/gl\\\/contacto\\\/\",\"url\":\"https:\\\/\\\/maramartin.es\\\/gl\\\/contacto\\\/\",\"name\":\"Contacta con Mara Mart\u00edn, Godello da D.O. Monterrei\",\"isPartOf\":{\"@id\":\"https:\\\/\\\/maramartin.es\\\/#website\"},\"datePublished\":\"2024-02-29T10:48:00+00:00\",\"breadcrumb\":{\"@id\":\"https:\\\/\\\/maramartin.es\\\/gl\\\/contacto\\\/#breadcrumb\"},\"inLanguage\":\"gl-ES\",\"potentialAction\":[{\"@type\":\"ReadAction\",\"target\":[\"https:\\\/\\\/maramartin.es\\\/gl\\\/contacto\\\/\"]}]},{\"@type\":\"BreadcrumbList\",\"@id\":\"https:\\\/\\\/maramartin.es\\\/gl\\\/contacto\\\/#breadcrumb\",\"itemListElement\":[{\"@type\":\"ListItem\",\"position\":1,\"name\":\"Portada\",\"item\":\"https:\\\/\\\/maramartin.es\\\/gl\\\/\"},{\"@type\":\"ListItem\",\"position\":2,\"name\":\"Contacto\"}]},{\"@type\":\"WebSite\",\"@id\":\"https:\\\/\\\/maramartin.es\\\/#website\",\"url\":\"https:\\\/\\\/maramartin.es\\\/\",\"name\":\"Mara Mart\u00edn\",\"description\":\"Vino godello de la D.O. Monterrei\",\"potentialAction\":[{\"@type\":\"SearchAction\",\"target\":{\"@type\":\"EntryPoint\",\"urlTemplate\":\"https:\\\/\\\/maramartin.es\\\/?s={search_term_string}\"},\"query-input\":{\"@type\":\"PropertyValueSpecification\",\"valueRequired\":true,\"valueName\":\"search_term_string\"}}],\"inLanguage\":\"gl-ES\"}]}<\/script>\n<!-- \/ Yoast SEO plugin. -->","yoast_head_json":{"title":"Contacta con Mara Mart\u00edn, Godello da D.O. Monterrei","robots":{"index":"index","follow":"follow","max-snippet":"max-snippet:-1","max-image-preview":"max-image-preview:large","max-video-preview":"max-video-preview:-1"},"canonical":"https:\/\/maramartin.es\/gl\/contacto\/","og_locale":"gl_ES","og_type":"article","og_title":"Contacta con Mara Mart\u00edn, Godello da D.O. Monterrei","og_url":"https:\/\/maramartin.es\/gl\/contacto\/","og_site_name":"Mara Mart\u00edn","twitter_card":"summary_large_image","twitter_misc":{"Tempo de lectura":"4 minutos"},"schema":{"@context":"https:\/\/schema.org","@graph":[{"@type":"WebPage","@id":"https:\/\/maramartin.es\/gl\/contacto\/","url":"https:\/\/maramartin.es\/gl\/contacto\/","name":"Contacta con Mara Mart\u00edn, Godello da D.O. Monterrei","isPartOf":{"@id":"https:\/\/maramartin.es\/#website"},"datePublished":"2024-02-29T10:48:00+00:00","breadcrumb":{"@id":"https:\/\/maramartin.es\/gl\/contacto\/#breadcrumb"},"inLanguage":"gl-ES","potentialAction":[{"@type":"ReadAction","target":["https:\/\/maramartin.es\/gl\/contacto\/"]}]},{"@type":"BreadcrumbList","@id":"https:\/\/maramartin.es\/gl\/contacto\/#breadcrumb","itemListElement":[{"@type":"ListItem","position":1,"name":"Portada","item":"https:\/\/maramartin.es\/gl\/"},{"@type":"ListItem","position":2,"name":"Contacto"}]},{"@type":"WebSite","@id":"https:\/\/maramartin.es\/#website","url":"https:\/\/maramartin.es\/","name":"Mara Mart\u00edn","description":"Vino godello de la D.O. Monterrei","potentialAction":[{"@type":"SearchAction","target":{"@type":"EntryPoint","urlTemplate":"https:\/\/maramartin.es\/?s={search_term_string}"},"query-input":{"@type":"PropertyValueSpecification","valueRequired":true,"valueName":"search_term_string"}}],"inLanguage":"gl-ES"}]}},"_links":{"self":[{"href":"https:\/\/maramartin.es\/gl\/wp-json\/wp\/v2\/pages\/364","targetHints":{"allow":["GET"]}}],"collection":[{"href":"https:\/\/maramartin.es\/gl\/wp-json\/wp\/v2\/pages"}],"about":[{"href":"https:\/\/maramartin.es\/gl\/wp-json\/wp\/v2\/types\/page"}],"author":[{"embeddable":true,"href":"https:\/\/maramartin.es\/gl\/wp-json\/wp\/v2\/users\/1"}],"replies":[{"embeddable":true,"href":"https:\/\/maramartin.es\/gl\/wp-json\/wp\/v2\/comments?post=364"}],"version-history":[{"count":0,"href":"https:\/\/maramartin.es\/gl\/wp-json\/wp\/v2\/pages\/364\/revisions"}],"wp:attachment":[{"href":"https:\/\/maramartin.es\/gl\/wp-json\/wp\/v2\/media?parent=364"}],"curies":[{"name":"wp","href":"https:\/\/api.w.org\/{rel}","templated":true}]}}