{"id":362,"date":"2024-02-29T11:47:26","date_gmt":"2024-02-29T10:47:26","guid":{"rendered":"https:\/\/maramartin.es\/godello\/"},"modified":"2024-02-29T11:47:26","modified_gmt":"2024-02-29T10:47:26","slug":"godello","status":"publish","type":"page","link":"https:\/\/maramartin.es\/gl\/godello\/","title":{"rendered":"Godello"},"content":{"rendered":"<section class=\"l-section wpb_row us_custom_b7388ed0 us_animate_this height_huge full_height valign_center\"><div class=\"l-section-h i-cf\"><div class=\"g-cols vc_row via_flex valign_middle type_default stacking_default\"><div class=\"vc_col-sm-12 wpb_column vc_column_container\"><div class=\"vc_column-inner\"><div class=\"wpb_wrapper\"><\/div><\/div><\/div><\/div><\/div><\/section><section class=\"l-section wpb_row us_custom_8e858c9c section-top height_huge\"><div class=\"l-section-h i-cf\"><div class=\"g-cols vc_row via_flex valign_top type_default stacking_default\"><div class=\"vc_col-sm-7 wpb_column vc_column_container\"><div class=\"vc_column-inner us_custom_ebf903e8\"><div class=\"wpb_wrapper\"><h2 class=\"w-text us_custom_47474b22 titular-naranja us_animate_this hide_on_default hide_on_laptops hide_on_tablets\"><span class=\"w-text-h\"><span class=\"w-text-value\">Godello<\/span><\/span><\/h2><div class=\"w-separator us_custom_b2fdc721 us_animate_this hide_on_mobiles size_medium\"><\/div><div data-us-scroll=\"{&quot;from_initial_position&quot;:&quot;0&quot;,&quot;start_position&quot;:&quot;0%&quot;,&quot;end_position&quot;:&quot;100%&quot;,&quot;delay&quot;:&quot;0.1s&quot;,&quot;translate_y_direction&quot;:&quot;up&quot;,&quot;translate_y_speed&quot;:&quot;0.2x&quot;}\" class=\"w-image us_custom_2b30a0a0 has_scroll_effects has_translate_y align_none\"><div class=\"w-image-h\"><img decoding=\"async\" width=\"682\" height=\"631\" src=\"https:\/\/maramartin.es\/wp-content\/uploads\/2024\/03\/godello-mara-martin-1.jpg\" class=\"attachment-full size-full\" alt=\"\" loading=\"lazy\" srcset=\"https:\/\/maramartin.es\/wp-content\/uploads\/2024\/03\/godello-mara-martin-1.jpg 682w, https:\/\/maramartin.es\/wp-content\/uploads\/2024\/03\/godello-mara-martin-1-300x278.jpg 300w\" sizes=\"auto, (max-width: 682px) 100vw, 682px\" \/><\/div><\/div><\/div><\/div><\/div><div class=\"vc_col-sm-5 wpb_column vc_column_container has_bg_color\"><div class=\"vc_column-inner us_custom_4d4688cd\"><div class=\"wpb_wrapper\"><h2 class=\"w-text us_custom_47474b22 titular-naranja us_animate_this hide_on_mobiles\"><span class=\"w-text-h\"><span class=\"w-text-value\">Godello<\/span><\/span><\/h2><div class=\"w-separator hide_on_mobiles size_custom\" style=\"height:1rem\"><\/div><div class=\"wpb_text_column us_custom_59345327 us_animate_this\"><div class=\"wpb_wrapper\"><p>\u00c9 a variedade de uva branca m\u00e1is representativa de Monterrei. Presenta un perfil arom\u00e1tico amplo e completo con aromas r\u00fasticos con moita mineralidade, froitas brancas cun toque herb\u00e1ceo e unha agradable fragrancia floral.<\/p>\n<p>Na boca manifesta unha presenza potente e intensa, o que d\u00e1 vi\u00f1os cunha excelente estrutura e equilibrio.<\/p>\n<\/div><\/div><\/div><\/div><\/div><\/div><\/div><\/section><section class=\"l-section wpb_row us_custom_45f95a7c height_huge width_custom\" style=\"--site-content-width:1000px;\"><div class=\"l-section-h i-cf\"><div class=\"g-cols vc_row via_flex valign_middle type_default stacking_default\"><div class=\"vc_col-sm-5 wpb_column vc_column_container columna-order-2 has_bg_color\"><div class=\"vc_column-inner us_custom_dde6f361\"><div class=\"wpb_wrapper\"><h2 class=\"w-text us_custom_4cc7a376 titular-blanco us_animate_this hide_on_mobiles\"><span class=\"w-text-h\"><span class=\"w-text-value\">Vendima<\/span><\/span><\/h2><div class=\"w-separator hide_on_mobiles size_custom\" style=\"height:1rem\"><\/div><div class=\"wpb_text_column us_custom_d5ae8798 us_animate_this\"><div class=\"wpb_wrapper\"><p>Para elaborar o noso Mara Mart\u00edn realizamos unha vendima manual de vi\u00f1edos seleccionados.<\/p>\n<p>Ademais disto, facemos a vendima nocturna, que nos permite coller a uva fr\u00eda debido ao clima continental da zona. Realizamos un prensado con esta uva fr\u00eda e mantemos deste xeito todo o seu potencial.<\/p>\n<\/div><\/div><\/div><\/div><\/div><div data-us-scroll=\"{&quot;from_initial_position&quot;:&quot;0&quot;,&quot;start_position&quot;:&quot;0%&quot;,&quot;end_position&quot;:&quot;100%&quot;,&quot;delay&quot;:&quot;0.1s&quot;,&quot;translate_y_direction&quot;:&quot;up&quot;,&quot;translate_y_speed&quot;:&quot;0.2x&quot;}\" class=\"vc_col-sm-7 wpb_column vc_column_container columna-order-1 has_scroll_effects has_translate_y stretched\"><div class=\"vc_column-inner us_custom_cb16b872\"><div class=\"wpb_wrapper\"><div class=\"w-separator hide_on_default hide_on_laptops hide_on_tablets size_custom\" style=\"height:3rem\"><\/div><h2 class=\"w-text us_custom_4cc7a376 titular-blanco us_animate_this hide_on_default hide_on_laptops hide_on_tablets\"><span class=\"w-text-h\"><span class=\"w-text-value\">Vendima<\/span><\/span><\/h2><div class=\"w-video align_none ratio_16x9 has_iframe\"><div class=\"w-video-h\"><iframe title=\"Youtube video player\" src=\"\/\/www.youtube.com\/embed\/r3uOqzLdwm4?autoplay=1&controls=0&origin=https:\/\/maramartin.es\/gl\/&loop=1&mute=0&playlist=r3uOqzLdwm4\" allowfullscreen=\"1\" loading=\"lazy\"><\/iframe><\/div><div class=\"w-video-icon\" style=\"font-size:1.5rem;background:rgba(0,0,0,0.5);color:#fff\"><\/div><\/div><\/div><\/div><\/div><\/div><\/div><\/section><section class=\"l-section wpb_row us_custom_5229329e height_auto full_height valign_center width_full\"><div class=\"l-section-h i-cf\"><div class=\"g-cols vc_row via_flex valign_top type_default stacking_default\"><div class=\"vc_col-sm-12 wpb_column vc_column_container\"><div class=\"vc_column-inner\"><div class=\"wpb_wrapper\"><\/div><\/div><\/div><\/div><\/div><\/section>\n","protected":false},"excerpt":{"rendered":"GodelloGodello\u00c9 a variedade de uva branca m\u00e1is representativa de Monterrei. Presenta un perfil arom\u00e1tico amplo e completo con aromas r\u00fasticos con moita mineralidade, froitas brancas cun toque herb\u00e1ceo e unha agradable fragrancia floral. Na boca manifesta unha presenza potente e intensa, o que d\u00e1 vi\u00f1os cunha excelente estrutura e equilibrio. VendimaPara elaborar o noso Mara...","protected":false},"author":1,"featured_media":0,"parent":0,"menu_order":0,"comment_status":"closed","ping_status":"closed","template":"","meta":{"footnotes":""},"class_list":["post-362","page","type-page","status-publish","hentry"],"yoast_head":"<!-- This site is optimized with the Yoast SEO plugin v27.5 - https:\/\/yoast.com\/product\/yoast-seo-wordpress\/ -->\n<title>Godello, variedade da uva da D.O. Monterrei<\/title>\n<meta name=\"description\" content=\"\u00c9 a varietal de uva branca m\u00e1is representativa da D.O. Monterrei. Presenta un perfil arom\u00e1tico amplo e completo con aromas r\u00fasticos con moita mineralidade, froitas brancas cun toque herb\u00e1ceo e unha agradable fragrancia floral.\" \/>\n<meta name=\"robots\" content=\"index, follow, max-snippet:-1, max-image-preview:large, max-video-preview:-1\" \/>\n<link rel=\"canonical\" href=\"https:\/\/maramartin.es\/gl\/godello\/\" \/>\n<meta property=\"og:locale\" content=\"gl_ES\" \/>\n<meta property=\"og:type\" content=\"article\" \/>\n<meta property=\"og:title\" content=\"Godello, variedade da uva da D.O. Monterrei\" \/>\n<meta property=\"og:description\" content=\"\u00c9 a varietal de uva branca m\u00e1is representativa da D.O. Monterrei. Presenta un perfil arom\u00e1tico amplo e completo con aromas r\u00fasticos con moita mineralidade, froitas brancas cun toque herb\u00e1ceo e unha agradable fragrancia floral.\" \/>\n<meta property=\"og:url\" content=\"https:\/\/maramartin.es\/gl\/godello\/\" \/>\n<meta property=\"og:site_name\" content=\"Mara Mart\u00edn\" \/>\n<meta name=\"twitter:card\" content=\"summary_large_image\" \/>\n<meta name=\"twitter:label1\" content=\"Tempo de lectura\" \/>\n\t<meta name=\"twitter:data1\" content=\"6 minutos\" \/>\n<script type=\"application\/ld+json\" class=\"yoast-schema-graph\">{\"@context\":\"https:\\\/\\\/schema.org\",\"@graph\":[{\"@type\":\"WebPage\",\"@id\":\"https:\\\/\\\/maramartin.es\\\/gl\\\/godello\\\/\",\"url\":\"https:\\\/\\\/maramartin.es\\\/gl\\\/godello\\\/\",\"name\":\"Godello, variedade da uva da D.O. Monterrei\",\"isPartOf\":{\"@id\":\"https:\\\/\\\/maramartin.es\\\/#website\"},\"datePublished\":\"2024-02-29T10:47:26+00:00\",\"description\":\"\u00c9 a varietal de uva branca m\u00e1is representativa da D.O. Monterrei. Presenta un perfil arom\u00e1tico amplo e completo con aromas r\u00fasticos con moita mineralidade, froitas brancas cun toque herb\u00e1ceo e unha agradable fragrancia floral.\",\"breadcrumb\":{\"@id\":\"https:\\\/\\\/maramartin.es\\\/gl\\\/godello\\\/#breadcrumb\"},\"inLanguage\":\"gl-ES\",\"potentialAction\":[{\"@type\":\"ReadAction\",\"target\":[\"https:\\\/\\\/maramartin.es\\\/gl\\\/godello\\\/\"]}]},{\"@type\":\"BreadcrumbList\",\"@id\":\"https:\\\/\\\/maramartin.es\\\/gl\\\/godello\\\/#breadcrumb\",\"itemListElement\":[{\"@type\":\"ListItem\",\"position\":1,\"name\":\"Portada\",\"item\":\"https:\\\/\\\/maramartin.es\\\/gl\\\/\"},{\"@type\":\"ListItem\",\"position\":2,\"name\":\"Godello\"}]},{\"@type\":\"WebSite\",\"@id\":\"https:\\\/\\\/maramartin.es\\\/#website\",\"url\":\"https:\\\/\\\/maramartin.es\\\/\",\"name\":\"Mara Mart\u00edn\",\"description\":\"Vino godello de la D.O. Monterrei\",\"potentialAction\":[{\"@type\":\"SearchAction\",\"target\":{\"@type\":\"EntryPoint\",\"urlTemplate\":\"https:\\\/\\\/maramartin.es\\\/?s={search_term_string}\"},\"query-input\":{\"@type\":\"PropertyValueSpecification\",\"valueRequired\":true,\"valueName\":\"search_term_string\"}}],\"inLanguage\":\"gl-ES\"}]}<\/script>\n<!-- \/ Yoast SEO plugin. -->","yoast_head_json":{"title":"Godello, variedade da uva da D.O. Monterrei","description":"\u00c9 a varietal de uva branca m\u00e1is representativa da D.O. Monterrei. Presenta un perfil arom\u00e1tico amplo e completo con aromas r\u00fasticos con moita mineralidade, froitas brancas cun toque herb\u00e1ceo e unha agradable fragrancia floral.","robots":{"index":"index","follow":"follow","max-snippet":"max-snippet:-1","max-image-preview":"max-image-preview:large","max-video-preview":"max-video-preview:-1"},"canonical":"https:\/\/maramartin.es\/gl\/godello\/","og_locale":"gl_ES","og_type":"article","og_title":"Godello, variedade da uva da D.O. Monterrei","og_description":"\u00c9 a varietal de uva branca m\u00e1is representativa da D.O. Monterrei. Presenta un perfil arom\u00e1tico amplo e completo con aromas r\u00fasticos con moita mineralidade, froitas brancas cun toque herb\u00e1ceo e unha agradable fragrancia floral.","og_url":"https:\/\/maramartin.es\/gl\/godello\/","og_site_name":"Mara Mart\u00edn","twitter_card":"summary_large_image","twitter_misc":{"Tempo de lectura":"6 minutos"},"schema":{"@context":"https:\/\/schema.org","@graph":[{"@type":"WebPage","@id":"https:\/\/maramartin.es\/gl\/godello\/","url":"https:\/\/maramartin.es\/gl\/godello\/","name":"Godello, variedade da uva da D.O. Monterrei","isPartOf":{"@id":"https:\/\/maramartin.es\/#website"},"datePublished":"2024-02-29T10:47:26+00:00","description":"\u00c9 a varietal de uva branca m\u00e1is representativa da D.O. Monterrei. Presenta un perfil arom\u00e1tico amplo e completo con aromas r\u00fasticos con moita mineralidade, froitas brancas cun toque herb\u00e1ceo e unha agradable fragrancia floral.","breadcrumb":{"@id":"https:\/\/maramartin.es\/gl\/godello\/#breadcrumb"},"inLanguage":"gl-ES","potentialAction":[{"@type":"ReadAction","target":["https:\/\/maramartin.es\/gl\/godello\/"]}]},{"@type":"BreadcrumbList","@id":"https:\/\/maramartin.es\/gl\/godello\/#breadcrumb","itemListElement":[{"@type":"ListItem","position":1,"name":"Portada","item":"https:\/\/maramartin.es\/gl\/"},{"@type":"ListItem","position":2,"name":"Godello"}]},{"@type":"WebSite","@id":"https:\/\/maramartin.es\/#website","url":"https:\/\/maramartin.es\/","name":"Mara Mart\u00edn","description":"Vino godello de la D.O. Monterrei","potentialAction":[{"@type":"SearchAction","target":{"@type":"EntryPoint","urlTemplate":"https:\/\/maramartin.es\/?s={search_term_string}"},"query-input":{"@type":"PropertyValueSpecification","valueRequired":true,"valueName":"search_term_string"}}],"inLanguage":"gl-ES"}]}},"_links":{"self":[{"href":"https:\/\/maramartin.es\/gl\/wp-json\/wp\/v2\/pages\/362","targetHints":{"allow":["GET"]}}],"collection":[{"href":"https:\/\/maramartin.es\/gl\/wp-json\/wp\/v2\/pages"}],"about":[{"href":"https:\/\/maramartin.es\/gl\/wp-json\/wp\/v2\/types\/page"}],"author":[{"embeddable":true,"href":"https:\/\/maramartin.es\/gl\/wp-json\/wp\/v2\/users\/1"}],"replies":[{"embeddable":true,"href":"https:\/\/maramartin.es\/gl\/wp-json\/wp\/v2\/comments?post=362"}],"version-history":[{"count":0,"href":"https:\/\/maramartin.es\/gl\/wp-json\/wp\/v2\/pages\/362\/revisions"}],"wp:attachment":[{"href":"https:\/\/maramartin.es\/gl\/wp-json\/wp\/v2\/media?parent=362"}],"curies":[{"name":"wp","href":"https:\/\/api.w.org\/{rel}","templated":true}]}}