{"id":360,"date":"2024-02-29T11:47:16","date_gmt":"2024-02-29T10:47:16","guid":{"rendered":"https:\/\/maramartin.es\/mara-martin\/"},"modified":"2024-04-14T19:47:36","modified_gmt":"2024-04-14T18:47:36","slug":"mara-martin","status":"publish","type":"page","link":"https:\/\/maramartin.es\/gl\/mara-martin\/","title":{"rendered":"Mara Mart\u00edn"},"content":{"rendered":"<section class=\"l-section wpb_row us_custom_e7bf310c us_animate_this height_huge full_height valign_center\"><div class=\"l-section-h i-cf\"><div class=\"g-cols vc_row via_flex valign_middle type_default stacking_default\"><div class=\"vc_col-sm-12 wpb_column vc_column_container\"><div class=\"vc_column-inner\"><div class=\"wpb_wrapper\"><\/div><\/div><\/div><\/div><\/div><\/section><section class=\"l-section wpb_row us_custom_5ae23ea8 fila-mara-martin-gl section-top height_huge\"><div class=\"l-section-h i-cf\"><div class=\"g-cols vc_row via_flex valign_top type_default stacking_default\"><div class=\"vc_col-sm-12 vc_col-lg-5 vc_col-md-5 wpb_column vc_column_container\"><div class=\"vc_column-inner\"><div class=\"wpb_wrapper\"><h2 class=\"w-text us_custom_47474b22 titular-naranja us_animate_this hide_on_default hide_on_laptops\"><span class=\"w-text-h\"><span class=\"w-text-value\">UN GODELLO QUE INVITA A SABOREAR, A EXPLORAR E A DELEITARSE EN CADA INSTANTE.<\/span><\/span><\/h2><div class=\"w-separator hide_on_default hide_on_laptops hide_on_tablets size_medium\"><\/div><div data-us-scroll=\"{&quot;from_initial_position&quot;:&quot;0&quot;,&quot;start_position&quot;:&quot;0%&quot;,&quot;end_position&quot;:&quot;100%&quot;,&quot;delay&quot;:&quot;0.2s&quot;,&quot;translate_y_direction&quot;:&quot;up&quot;,&quot;translate_y_speed&quot;:&quot;0.2x&quot;}\" class=\"w-image has_scroll_effects has_translate_y align_none\"><div class=\"w-image-h\"><img decoding=\"async\" width=\"335\" height=\"820\" src=\"https:\/\/maramartin.es\/wp-content\/uploads\/2024\/03\/botella-mara-martin.png\" class=\"attachment-full size-full\" alt=\"\" loading=\"lazy\" srcset=\"https:\/\/maramartin.es\/wp-content\/uploads\/2024\/03\/botella-mara-martin.png 335w, https:\/\/maramartin.es\/wp-content\/uploads\/2024\/03\/botella-mara-martin-123x300.png 123w\" sizes=\"auto, (max-width: 335px) 100vw, 335px\" \/><\/div><\/div><\/div><\/div><\/div><div class=\"vc_col-sm-12 vc_col-lg-7 vc_col-md-7 wpb_column vc_column_container\"><div class=\"vc_column-inner\"><div class=\"wpb_wrapper\"><h2 class=\"w-text us_custom_47474b22 titular-naranja us_animate_this hide_on_tablets hide_on_mobiles\"><span class=\"w-text-h\"><span class=\"w-text-value\">UN GODELLO QUE INVITA A SABOREAR, A EXPLORAR E A DELEITARSE EN CADA INSTANTE.<\/span><\/span><\/h2><div class=\"w-separator hide_on_mobiles size_medium\"><\/div><div class=\"wpb_text_column us_custom_8ee8a2e5\"><div class=\"wpb_wrapper\"><p>Mara Mart\u00edn \u00e9 un vi\u00f1o que emana da alma de Galicia, unha experiencia en si mesma. Este godello mozo encarna o esp\u00edrito aventureiro e a paix\u00f3n pola vida. Mara Mart\u00edn transp\u00f3rtate en cada sorbo \u00e1s paisaxes e ao clima fresco do val de Monterrei. Os seus aromas froiteiros e florais espertan os sentidos e evocan a brisa suave que acari\u00f1a os vi\u00f1os. Un tributo ao terru\u00f1o e ao respecto pola terra que o nutre.<\/p>\n<p>O proceso da s\u00faa elaboraci\u00f3n reflicte o compromiso coa calidade e a excelencia. Desde a vendima nocturna, que preserva a frescura das uvas, at\u00e9 a fermentaci\u00f3n controlada a baixa temperatura, cada paso real\u00edzase con dedicaci\u00f3n e coidado. O resultado \u00e9 un vi\u00f1o fresco e vibrante, que captura a esencia de Monterrei en cada botella.<\/p>\n<\/div><\/div><\/div><\/div><\/div><\/div><\/div><\/section><section class=\"l-section wpb_row us_custom_58df7eb1 height_huge\"><div class=\"l-section-h i-cf\"><div class=\"g-cols vc_row via_flex valign_top type_default stacking_default\"><div class=\"vc_col-sm-5 wpb_column vc_column_container columna-order-2 has_bg_color\"><div class=\"vc_column-inner us_custom_afa609f5\"><div class=\"wpb_wrapper\"><h2 class=\"w-text us_custom_47474b22 titular-naranja us_animate_this hide_on_mobiles\"><span class=\"w-text-h\"><span class=\"w-text-value\">A MAXIA DA GALICIA INTERIOR<\/span><\/span><\/h2><div class=\"w-separator hide_on_mobiles size_custom\" style=\"height:1rem\"><\/div><div class=\"wpb_text_column us_custom_f5eaeac9 us_animate_this\"><div class=\"wpb_wrapper\"><p>Mara Mart\u00edn convida a explorar novos horizontes, a vivir cada momento con intensidade e a gozar dos praceres sinxelos da vida.<\/p>\n<p>\u00c9 o compa\u00f1eiro perfecto para celebrar os pequenos e os grandes momentos, un convite a mergullarse nun mundo de sabores e sensaci\u00f3ns. Mara Mart\u00edn convida a descubrir a maxia da Galicia interior en cada copa, a trav\u00e9s do seu sabor \u00fanico e o seu car\u00e1cter inconfundible.<\/p>\n<\/div><\/div><\/div><\/div><\/div><div class=\"vc_col-sm-7 wpb_column vc_column_container columna-order-1\"><div class=\"vc_column-inner us_custom_3aec60e7\"><div class=\"wpb_wrapper\"><h2 class=\"w-text us_custom_47474b22 titular-naranja us_animate_this hide_on_default hide_on_laptops hide_on_tablets\"><span class=\"w-text-h\"><span class=\"w-text-value\">A MAXIA DA GALICIA INTERIOR<\/span><\/span><\/h2><div class=\"w-separator us_custom_6a3df249 us_animate_this hide_on_mobiles size_medium\"><\/div><div data-us-scroll=\"{&quot;from_initial_position&quot;:&quot;0&quot;,&quot;start_position&quot;:&quot;0%&quot;,&quot;end_position&quot;:&quot;100%&quot;,&quot;delay&quot;:&quot;0.1s&quot;,&quot;translate_y_direction&quot;:&quot;up&quot;,&quot;translate_y_speed&quot;:&quot;0.2x&quot;}\" class=\"w-image has_scroll_effects has_translate_y align_none\"><div class=\"w-image-h\"><img decoding=\"async\" width=\"550\" height=\"642\" src=\"https:\/\/maramartin.es\/wp-content\/uploads\/2024\/03\/magia-mara-martin.jpg\" class=\"attachment-full size-full\" alt=\"\" loading=\"lazy\" srcset=\"https:\/\/maramartin.es\/wp-content\/uploads\/2024\/03\/magia-mara-martin.jpg 550w, https:\/\/maramartin.es\/wp-content\/uploads\/2024\/03\/magia-mara-martin-257x300.jpg 257w\" sizes=\"auto, (max-width: 550px) 100vw, 550px\" \/><\/div><\/div><\/div><\/div><\/div><\/div><\/div><\/section><section class=\"l-section wpb_row us_custom_4e3ce60a height_huge width_custom\" style=\"--site-content-width:900px;\"><div class=\"l-section-h i-cf\"><div class=\"g-cols vc_row via_flex valign_top type_default stacking_default\"><div class=\"vc_col-sm-12 wpb_column vc_column_container\"><div class=\"vc_column-inner\"><div class=\"wpb_wrapper\"><div class=\"w-tabs style_default switch_click accordion type_togglable has_scrolling\" style=\"--sections-title-size:21px\"><div class=\"w-tabs-sections titles-align_none icon_plus cpos_right\"><div class=\"w-tabs-section\" id=\"lfef\"><button class=\"w-tabs-section-header\" aria-controls=\"content-lfef\" aria-expanded=\"false\"><div class=\"w-tabs-section-title\">NOTAS DE CATA<\/div><div class=\"w-tabs-section-control\"><\/div><\/button><div  class=\"w-tabs-section-content us_custom_8d032b96\" id=\"content-lfef\"><div class=\"w-tabs-section-content-h i-cf\"><div class=\"g-cols wpb_row via_flex valign_top type_default stacking_default\"><div class=\"vc_col-sm-4 wpb_column vc_column_container\"><div class=\"vc_column-inner\"><div class=\"wpb_wrapper\"><div class=\"w-hwrapper valign_middle align_center\"><div class=\"w-image us_custom_97e046eb us_animate_this align_center\"><div class=\"w-image-h\"><img decoding=\"async\" width=\"512\" height=\"512\" src=\"https:\/\/maramartin.es\/wp-content\/uploads\/2024\/03\/ico-visual.png\" class=\"attachment-full size-full\" alt=\"\" loading=\"lazy\" srcset=\"https:\/\/maramartin.es\/wp-content\/uploads\/2024\/03\/ico-visual.png 512w, https:\/\/maramartin.es\/wp-content\/uploads\/2024\/03\/ico-visual-300x300.png 300w, https:\/\/maramartin.es\/wp-content\/uploads\/2024\/03\/ico-visual-150x150.png 150w\" sizes=\"auto, (max-width: 512px) 100vw, 512px\" \/><\/div><\/div><\/div><div class=\"w-separator size_custom\" style=\"height:1rem\"><\/div><div class=\"w-text us_custom_9ccf290e\"><span class=\"w-text-h\"><span class=\"w-text-value\">Fase visual<\/span><\/span><\/div><div class=\"wpb_text_column\"><div class=\"wpb_wrapper\"><p style=\"text-align: center;\">Cor amarela palla con reflexos verdes.<\/p>\n<\/div><\/div><\/div><\/div><\/div><div class=\"vc_col-sm-4 wpb_column vc_column_container\"><div class=\"vc_column-inner\"><div class=\"wpb_wrapper\"><div class=\"w-hwrapper valign_middle align_center\"><div class=\"w-image us_custom_97e046eb us_animate_this align_center\"><div class=\"w-image-h\"><img decoding=\"async\" width=\"512\" height=\"512\" src=\"https:\/\/maramartin.es\/wp-content\/uploads\/2024\/03\/ico-olfativa.png\" class=\"attachment-full size-full\" alt=\"\" loading=\"lazy\" srcset=\"https:\/\/maramartin.es\/wp-content\/uploads\/2024\/03\/ico-olfativa.png 512w, https:\/\/maramartin.es\/wp-content\/uploads\/2024\/03\/ico-olfativa-300x300.png 300w, https:\/\/maramartin.es\/wp-content\/uploads\/2024\/03\/ico-olfativa-150x150.png 150w\" sizes=\"auto, (max-width: 512px) 100vw, 512px\" \/><\/div><\/div><\/div><div class=\"w-separator size_custom\" style=\"height:1rem\"><\/div><div class=\"w-text us_custom_9ccf290e\"><span class=\"w-text-h\"><span class=\"w-text-value\">Fase olfactiva<\/span><\/span><\/div><div class=\"wpb_text_column\"><div class=\"wpb_wrapper\"><p style=\"text-align: center;\">intensidade media alta, onde destacan as notas herb\u00e1ceas (fi\u00fancho, anisado, etc) e froita de polpa branca como a maz\u00e1 reineta. Presenta un fondo de marmelo.<\/p>\n<\/div><\/div><\/div><\/div><\/div><div class=\"vc_col-sm-4 wpb_column vc_column_container\"><div class=\"vc_column-inner\"><div class=\"wpb_wrapper\"><div class=\"w-hwrapper valign_middle align_center\"><div class=\"w-image us_custom_97e046eb us_animate_this align_center\"><div class=\"w-image-h\"><img decoding=\"async\" width=\"512\" height=\"512\" src=\"https:\/\/maramartin.es\/wp-content\/uploads\/2024\/03\/ico-gustativa.png\" class=\"attachment-full size-full\" alt=\"\" loading=\"lazy\" srcset=\"https:\/\/maramartin.es\/wp-content\/uploads\/2024\/03\/ico-gustativa.png 512w, https:\/\/maramartin.es\/wp-content\/uploads\/2024\/03\/ico-gustativa-300x300.png 300w, https:\/\/maramartin.es\/wp-content\/uploads\/2024\/03\/ico-gustativa-150x150.png 150w\" sizes=\"auto, (max-width: 512px) 100vw, 512px\" \/><\/div><\/div><\/div><div class=\"w-separator size_custom\" style=\"height:1rem\"><\/div><div class=\"w-text us_custom_9ccf290e\"><span class=\"w-text-h\"><span class=\"w-text-value\">Fase gustativa<\/span><\/span><\/div><div class=\"wpb_text_column\"><div class=\"wpb_wrapper\"><p style=\"text-align: center;\">Fresco, envolvente cun pos gusto longo e retronasal c\u00edtrica.<\/p>\n<\/div><\/div><\/div><\/div><\/div><\/div><\/div><\/div><\/div><div class=\"w-tabs-section\" id=\"c150\"><button class=\"w-tabs-section-header\" aria-controls=\"content-c150\" aria-expanded=\"false\"><div class=\"w-tabs-section-title\">FICHA T\u00c9CNICA<\/div><div class=\"w-tabs-section-control\"><\/div><\/button><div  class=\"w-tabs-section-content us_custom_8d032b96\" id=\"content-c150\"><div class=\"w-tabs-section-content-h i-cf\"><div class=\"wpb_text_column\"><div class=\"wpb_wrapper\"><ul class=\"lista-ficha-tecnica\">\n<li class=\"li-do\"><strong>D.O.<\/strong>: Monterrei<\/li>\n<li class=\"li-variedad\"><strong>Variedade<\/strong>: 100% Godello<\/li>\n<li class=\"li-fermentacion\"><strong>Fermentaci\u00f3n<\/strong>: Dep\u00f3sitos de aceiro inoxidable con control de temperatura.<\/li>\n<li class=\"li-crianza\"><strong>Crianza<\/strong>: Non ten<\/li>\n<li class=\"li-gastronomia\"><strong>Gastronom\u00eda<\/strong>: Mariscos, peixes, queixos frescos.<\/li>\n<li class=\"li-temperatura\"><strong>Temperatura de servizo<\/strong>: 10-12\u00baC<\/li>\n<li class=\"li-graduacion\"><strong>Gradaci\u00f3n alc\u00f3lica<\/strong>: 12%<\/li>\n<li class=\"li-sulfitos\">Cont\u00e9n <strong>sulfitos<\/strong>.<\/li>\n<\/ul>\n<\/div><\/div><\/div><\/div><\/div><\/div><\/div><\/div><\/div><\/div><\/div><\/div><\/section><section class=\"l-section wpb_row us_custom_ec0260a0 height_huge\"><div class=\"l-section-h i-cf\"><div class=\"g-cols vc_row via_flex valign_top type_default stacking_default\"><div class=\"vc_col-sm-12 wpb_column vc_column_container\"><div class=\"vc_column-inner\"><div class=\"wpb_wrapper\"><h2 class=\"w-text us_custom_a574d586 titular-negro has_text_color\"><span class=\"w-text-h\"><span class=\"w-text-value\">A ESENCIA DE MONTERREI NUNHA BOTELLA<\/span><\/span><\/h2><div class=\"w-gallery type_grid action_popup_image ratio_1x1 count_6\" style=\"--columns:3;--items-gap:20px;\"><div class=\"w-gallery-list\"><div class=\"w-gallery-item\"><div class=\"w-gallery-item-img\"><img loading=\"lazy\" decoding=\"async\" width=\"1440\" height=\"960\" src=\"https:\/\/maramartin.es\/wp-content\/uploads\/2024\/03\/galeria-mara-martin_2.jpg\" class=\"attachment-full size-full\" alt=\"\" srcset=\"https:\/\/maramartin.es\/wp-content\/uploads\/2024\/03\/galeria-mara-martin_2.jpg 1440w, https:\/\/maramartin.es\/wp-content\/uploads\/2024\/03\/galeria-mara-martin_2-300x200.jpg 300w, https:\/\/maramartin.es\/wp-content\/uploads\/2024\/03\/galeria-mara-martin_2-1024x683.jpg 1024w\" sizes=\"auto, (max-width: 1440px) 100vw, 1440px\" \/><\/div><a class=\"w-gallery-item-link\" aria-label=\"galeria-mara-martin_2\" href=\"https:\/\/maramartin.es\/wp-content\/uploads\/2024\/03\/galeria-mara-martin_2.jpg\"><\/a><\/div><div class=\"w-gallery-item\"><div class=\"w-gallery-item-img\"><img loading=\"lazy\" decoding=\"async\" width=\"1440\" height=\"960\" src=\"https:\/\/maramartin.es\/wp-content\/uploads\/2024\/03\/galeria-mara-martin_1.jpg\" class=\"attachment-full size-full\" alt=\"\" srcset=\"https:\/\/maramartin.es\/wp-content\/uploads\/2024\/03\/galeria-mara-martin_1.jpg 1440w, https:\/\/maramartin.es\/wp-content\/uploads\/2024\/03\/galeria-mara-martin_1-300x200.jpg 300w, https:\/\/maramartin.es\/wp-content\/uploads\/2024\/03\/galeria-mara-martin_1-1024x683.jpg 1024w\" sizes=\"auto, (max-width: 1440px) 100vw, 1440px\" \/><\/div><a class=\"w-gallery-item-link\" aria-label=\"galeria-mara-martin_1\" href=\"https:\/\/maramartin.es\/wp-content\/uploads\/2024\/03\/galeria-mara-martin_1.jpg\"><\/a><\/div><div class=\"w-gallery-item\"><div class=\"w-gallery-item-img\"><img loading=\"lazy\" decoding=\"async\" width=\"1440\" height=\"960\" src=\"https:\/\/maramartin.es\/wp-content\/uploads\/2024\/03\/galeria-mara-martin_3.jpg\" class=\"attachment-full size-full\" alt=\"\" srcset=\"https:\/\/maramartin.es\/wp-content\/uploads\/2024\/03\/galeria-mara-martin_3.jpg 1440w, https:\/\/maramartin.es\/wp-content\/uploads\/2024\/03\/galeria-mara-martin_3-300x200.jpg 300w, https:\/\/maramartin.es\/wp-content\/uploads\/2024\/03\/galeria-mara-martin_3-1024x683.jpg 1024w\" sizes=\"auto, (max-width: 1440px) 100vw, 1440px\" \/><\/div><a class=\"w-gallery-item-link\" aria-label=\"galeria-mara-martin_3\" href=\"https:\/\/maramartin.es\/wp-content\/uploads\/2024\/03\/galeria-mara-martin_3.jpg\"><\/a><\/div><div class=\"w-gallery-item\"><div class=\"w-gallery-item-img\"><img loading=\"lazy\" decoding=\"async\" width=\"1440\" height=\"960\" src=\"https:\/\/maramartin.es\/wp-content\/uploads\/2024\/03\/galeria-mara-martin_4-1.jpg\" class=\"attachment-full size-full\" alt=\"\" srcset=\"https:\/\/maramartin.es\/wp-content\/uploads\/2024\/03\/galeria-mara-martin_4-1.jpg 1440w, https:\/\/maramartin.es\/wp-content\/uploads\/2024\/03\/galeria-mara-martin_4-1-300x200.jpg 300w, https:\/\/maramartin.es\/wp-content\/uploads\/2024\/03\/galeria-mara-martin_4-1-1024x683.jpg 1024w\" sizes=\"auto, (max-width: 1440px) 100vw, 1440px\" \/><\/div><a class=\"w-gallery-item-link\" aria-label=\"galeria-mara-martin_4\" href=\"https:\/\/maramartin.es\/wp-content\/uploads\/2024\/03\/galeria-mara-martin_4-1.jpg\"><\/a><\/div><div class=\"w-gallery-item\"><div class=\"w-gallery-item-img\"><img loading=\"lazy\" decoding=\"async\" width=\"1440\" height=\"960\" src=\"https:\/\/maramartin.es\/wp-content\/uploads\/2024\/03\/galeria-mara-martin_5.jpg\" class=\"attachment-full size-full\" alt=\"\" srcset=\"https:\/\/maramartin.es\/wp-content\/uploads\/2024\/03\/galeria-mara-martin_5.jpg 1440w, https:\/\/maramartin.es\/wp-content\/uploads\/2024\/03\/galeria-mara-martin_5-300x200.jpg 300w, https:\/\/maramartin.es\/wp-content\/uploads\/2024\/03\/galeria-mara-martin_5-1024x683.jpg 1024w\" sizes=\"auto, (max-width: 1440px) 100vw, 1440px\" \/><\/div><a class=\"w-gallery-item-link\" aria-label=\"galeria-mara-martin_5\" href=\"https:\/\/maramartin.es\/wp-content\/uploads\/2024\/03\/galeria-mara-martin_5.jpg\"><\/a><\/div><div class=\"w-gallery-item\"><div class=\"w-gallery-item-img\"><img loading=\"lazy\" decoding=\"async\" width=\"1440\" height=\"960\" src=\"https:\/\/maramartin.es\/wp-content\/uploads\/2024\/03\/galeria-mara-martin_6.jpg\" class=\"attachment-full size-full\" alt=\"\" srcset=\"https:\/\/maramartin.es\/wp-content\/uploads\/2024\/03\/galeria-mara-martin_6.jpg 1440w, https:\/\/maramartin.es\/wp-content\/uploads\/2024\/03\/galeria-mara-martin_6-300x200.jpg 300w, https:\/\/maramartin.es\/wp-content\/uploads\/2024\/03\/galeria-mara-martin_6-1024x683.jpg 1024w\" sizes=\"auto, (max-width: 1440px) 100vw, 1440px\" \/><\/div><a class=\"w-gallery-item-link\" aria-label=\"galeria-mara-martin_6\" href=\"https:\/\/maramartin.es\/wp-content\/uploads\/2024\/03\/galeria-mara-martin_6.jpg\"><\/a><\/div><\/div><\/div><\/div><\/div><\/div><\/div><\/div><\/section>\n","protected":false},"excerpt":{"rendered":"UN GODELLO QUE INVITA A SABOREAR, A EXPLORAR E A DELEITARSE EN CADA INSTANTE.UN GODELLO QUE INVITA A SABOREAR, A EXPLORAR E A DELEITARSE EN CADA INSTANTE.Mara Mart\u00edn \u00e9 un vi\u00f1o que emana da alma de Galicia, unha experiencia en si mesma. Este godello mozo encarna o esp\u00edrito aventureiro e a paix\u00f3n pola vida. Mara...","protected":false},"author":1,"featured_media":0,"parent":0,"menu_order":0,"comment_status":"closed","ping_status":"closed","template":"","meta":{"footnotes":""},"class_list":["post-360","page","type-page","status-publish","hentry"],"yoast_head":"<!-- This site is optimized with the Yoast SEO plugin v27.5 - https:\/\/yoast.com\/product\/yoast-seo-wordpress\/ -->\n<title>Mara Mart\u00edn, un Godello que invita a saborear a vida<\/title>\n<meta name=\"description\" content=\"Mara Mart\u00edn \u00e9 un vi\u00f1o que emana da alma de Galicia, unha experiencia en si mesma. Un godello mozo que encarna el esp\u00edrito aventureiro e a paix\u00f3n pola vida.\" \/>\n<meta name=\"robots\" content=\"index, follow, max-snippet:-1, max-image-preview:large, max-video-preview:-1\" \/>\n<link rel=\"canonical\" href=\"https:\/\/maramartin.es\/gl\/mara-martin\/\" \/>\n<meta property=\"og:locale\" content=\"gl_ES\" \/>\n<meta property=\"og:type\" content=\"article\" \/>\n<meta property=\"og:title\" content=\"Mara Mart\u00edn, un Godello que invita a saborear a vida\" \/>\n<meta property=\"og:description\" content=\"Mara Mart\u00edn \u00e9 un vi\u00f1o que emana da alma de Galicia, unha experiencia en si mesma. Un godello mozo que encarna el esp\u00edrito aventureiro e a paix\u00f3n pola vida.\" \/>\n<meta property=\"og:url\" content=\"https:\/\/maramartin.es\/gl\/mara-martin\/\" \/>\n<meta property=\"og:site_name\" content=\"Mara Mart\u00edn\" \/>\n<meta property=\"article:modified_time\" content=\"2024-04-14T18:47:36+00:00\" \/>\n<meta name=\"twitter:card\" content=\"summary_large_image\" \/>\n<meta name=\"twitter:label1\" content=\"Tempo de lectura\" \/>\n\t<meta name=\"twitter:data1\" content=\"3 minutos\" \/>\n<script type=\"application\/ld+json\" class=\"yoast-schema-graph\">{\"@context\":\"https:\\\/\\\/schema.org\",\"@graph\":[{\"@type\":\"WebPage\",\"@id\":\"https:\\\/\\\/maramartin.es\\\/gl\\\/mara-martin\\\/\",\"url\":\"https:\\\/\\\/maramartin.es\\\/gl\\\/mara-martin\\\/\",\"name\":\"Mara Mart\u00edn, un Godello que invita a saborear a vida\",\"isPartOf\":{\"@id\":\"https:\\\/\\\/maramartin.es\\\/#website\"},\"datePublished\":\"2024-02-29T10:47:16+00:00\",\"dateModified\":\"2024-04-14T18:47:36+00:00\",\"description\":\"Mara Mart\u00edn \u00e9 un vi\u00f1o que emana da alma de Galicia, unha experiencia en si mesma. Un godello mozo que encarna el esp\u00edrito aventureiro e a paix\u00f3n pola vida.\",\"breadcrumb\":{\"@id\":\"https:\\\/\\\/maramartin.es\\\/gl\\\/mara-martin\\\/#breadcrumb\"},\"inLanguage\":\"gl-ES\",\"potentialAction\":[{\"@type\":\"ReadAction\",\"target\":[\"https:\\\/\\\/maramartin.es\\\/gl\\\/mara-martin\\\/\"]}]},{\"@type\":\"BreadcrumbList\",\"@id\":\"https:\\\/\\\/maramartin.es\\\/gl\\\/mara-martin\\\/#breadcrumb\",\"itemListElement\":[{\"@type\":\"ListItem\",\"position\":1,\"name\":\"Portada\",\"item\":\"https:\\\/\\\/maramartin.es\\\/gl\\\/\"},{\"@type\":\"ListItem\",\"position\":2,\"name\":\"Mara Mart\u00edn\"}]},{\"@type\":\"WebSite\",\"@id\":\"https:\\\/\\\/maramartin.es\\\/#website\",\"url\":\"https:\\\/\\\/maramartin.es\\\/\",\"name\":\"Mara Mart\u00edn\",\"description\":\"Vino godello de la D.O. Monterrei\",\"potentialAction\":[{\"@type\":\"SearchAction\",\"target\":{\"@type\":\"EntryPoint\",\"urlTemplate\":\"https:\\\/\\\/maramartin.es\\\/?s={search_term_string}\"},\"query-input\":{\"@type\":\"PropertyValueSpecification\",\"valueRequired\":true,\"valueName\":\"search_term_string\"}}],\"inLanguage\":\"gl-ES\"}]}<\/script>\n<!-- \/ Yoast SEO plugin. -->","yoast_head_json":{"title":"Mara Mart\u00edn, un Godello que invita a saborear a vida","description":"Mara Mart\u00edn \u00e9 un vi\u00f1o que emana da alma de Galicia, unha experiencia en si mesma. Un godello mozo que encarna el esp\u00edrito aventureiro e a paix\u00f3n pola vida.","robots":{"index":"index","follow":"follow","max-snippet":"max-snippet:-1","max-image-preview":"max-image-preview:large","max-video-preview":"max-video-preview:-1"},"canonical":"https:\/\/maramartin.es\/gl\/mara-martin\/","og_locale":"gl_ES","og_type":"article","og_title":"Mara Mart\u00edn, un Godello que invita a saborear a vida","og_description":"Mara Mart\u00edn \u00e9 un vi\u00f1o que emana da alma de Galicia, unha experiencia en si mesma. Un godello mozo que encarna el esp\u00edrito aventureiro e a paix\u00f3n pola vida.","og_url":"https:\/\/maramartin.es\/gl\/mara-martin\/","og_site_name":"Mara Mart\u00edn","article_modified_time":"2024-04-14T18:47:36+00:00","twitter_card":"summary_large_image","twitter_misc":{"Tempo de lectura":"3 minutos"},"schema":{"@context":"https:\/\/schema.org","@graph":[{"@type":"WebPage","@id":"https:\/\/maramartin.es\/gl\/mara-martin\/","url":"https:\/\/maramartin.es\/gl\/mara-martin\/","name":"Mara Mart\u00edn, un Godello que invita a saborear a vida","isPartOf":{"@id":"https:\/\/maramartin.es\/#website"},"datePublished":"2024-02-29T10:47:16+00:00","dateModified":"2024-04-14T18:47:36+00:00","description":"Mara Mart\u00edn \u00e9 un vi\u00f1o que emana da alma de Galicia, unha experiencia en si mesma. Un godello mozo que encarna el esp\u00edrito aventureiro e a paix\u00f3n pola vida.","breadcrumb":{"@id":"https:\/\/maramartin.es\/gl\/mara-martin\/#breadcrumb"},"inLanguage":"gl-ES","potentialAction":[{"@type":"ReadAction","target":["https:\/\/maramartin.es\/gl\/mara-martin\/"]}]},{"@type":"BreadcrumbList","@id":"https:\/\/maramartin.es\/gl\/mara-martin\/#breadcrumb","itemListElement":[{"@type":"ListItem","position":1,"name":"Portada","item":"https:\/\/maramartin.es\/gl\/"},{"@type":"ListItem","position":2,"name":"Mara Mart\u00edn"}]},{"@type":"WebSite","@id":"https:\/\/maramartin.es\/#website","url":"https:\/\/maramartin.es\/","name":"Mara Mart\u00edn","description":"Vino godello de la D.O. Monterrei","potentialAction":[{"@type":"SearchAction","target":{"@type":"EntryPoint","urlTemplate":"https:\/\/maramartin.es\/?s={search_term_string}"},"query-input":{"@type":"PropertyValueSpecification","valueRequired":true,"valueName":"search_term_string"}}],"inLanguage":"gl-ES"}]}},"_links":{"self":[{"href":"https:\/\/maramartin.es\/gl\/wp-json\/wp\/v2\/pages\/360","targetHints":{"allow":["GET"]}}],"collection":[{"href":"https:\/\/maramartin.es\/gl\/wp-json\/wp\/v2\/pages"}],"about":[{"href":"https:\/\/maramartin.es\/gl\/wp-json\/wp\/v2\/types\/page"}],"author":[{"embeddable":true,"href":"https:\/\/maramartin.es\/gl\/wp-json\/wp\/v2\/users\/1"}],"replies":[{"embeddable":true,"href":"https:\/\/maramartin.es\/gl\/wp-json\/wp\/v2\/comments?post=360"}],"version-history":[{"count":1,"href":"https:\/\/maramartin.es\/gl\/wp-json\/wp\/v2\/pages\/360\/revisions"}],"predecessor-version":[{"id":361,"href":"https:\/\/maramartin.es\/gl\/wp-json\/wp\/v2\/pages\/360\/revisions\/361"}],"wp:attachment":[{"href":"https:\/\/maramartin.es\/gl\/wp-json\/wp\/v2\/media?parent=360"}],"curies":[{"name":"wp","href":"https:\/\/api.w.org\/{rel}","templated":true}]}}