{"id":511,"date":"2025-02-10T19:30:33","date_gmt":"2025-02-10T18:30:33","guid":{"rendered":"https:\/\/maramartin.es\/transparency-channel\/"},"modified":"2025-02-10T19:30:33","modified_gmt":"2025-02-10T18:30:33","slug":"transparency-channel","status":"publish","type":"page","link":"https:\/\/maramartin.es\/en\/transparency-channel\/","title":{"rendered":"Transparency channel"},"content":{"rendered":"<section class=\"l-section wpb_row us_custom_b302cb86 us_animate_this height_medium\"><div class=\"l-section-h i-cf\"><div class=\"g-cols vc_row via_flex valign_middle type_default stacking_default\"><div class=\"vc_col-sm-12 wpb_column vc_column_container\"><div class=\"vc_column-inner\"><div class=\"wpb_wrapper\"><\/div><\/div><\/div><\/div><\/div><\/section><section class=\"l-section wpb_row us_custom_f3f68ac4 legales height_huge\"><div class=\"l-section-h i-cf\"><div class=\"g-cols vc_row via_flex valign_top type_default stacking_default\"><div class=\"vc_col-sm-12 wpb_column vc_column_container\"><div class=\"vc_column-inner\"><div class=\"wpb_wrapper\"><h1 class=\"w-text us_custom_e911e388 titular-naranja us_animate_this\"><span class=\"w-text-h\"><span class=\"w-text-value\">Transparency channel<\/span><\/span><\/h1><div class=\"w-separator size_small\"><\/div><div class=\"g-cols wpb_row via_flex valign_top type_default stacking_default\"><div class=\"vc_col-sm-8 wpb_column vc_column_container\"><div class=\"vc_column-inner\"><div class=\"wpb_wrapper\"><h2 class=\"w-text\"><span class=\"w-text-h\"><span class=\"w-text-value\">Open a report<\/span><\/span><\/h2><div class=\"wpb_text_column\"><div class=\"wpb_wrapper\"><p>Confidentially report information about serious or very serious breaches.<\/p>\n<\/div><\/div><div class=\"w-separator size_small\"><\/div><form class=\"w-form  layout_ver for_cform us_form_1\" autocomplete=\"off\" action=\"https:\/\/maramartin.es\/en\/wp-json\/wp\/v2\/pages\/511\" method=\"post\" enctype=\"multipart\/form-data\"><div class=\"w-form-h\"><div class=\"w-form-row for_select has_label\">\r\n\t\t\t<div class=\"w-form-row-label\">\r\n\t\t\t<span>Relaci\u00f3n con la empresa<\/span>\r\n\t\t<\/div>\r\n\t\t<div class=\"w-form-row-field\">\r\n\t\t\t\t\t\t<select aria-label=\"Relaci\u00f3n con la empresa\" name=\"us_form_1_select_1\">\r\n\t\t\t<option value=\"Persona empleada\">Persona empleada<\/option><option value=\"Cliente\">Cliente<\/option><option value=\"Proveedor\">Proveedor<\/option><option value=\"Otros\">Otros<\/option>\t\t<\/select>\r\n\t\t\t<\/div>\r\n\t\t<div class=\"w-form-row-state\">Select an option<\/div>\r\n<\/div>\r\n<div class=\"w-form-row for_text has_label with_icon\">\r\n\t\t\t<div class=\"w-form-row-label\">\r\n\t\t\t<span>Nombre completo<\/span>\r\n\t\t<\/div>\r\n\t\t<div class=\"w-form-row-field\">\r\n\t\t\t\t<i class=\"fal fa-user\"><\/i>\t\t<input aria-label=\"Nombre completo\" type=\"text\" name=\"us_form_1_text_1\" value placeholder=\"Nombre completo (opcional)\"\/>\r\n\t\t\t<\/div>\r\n\t\t<div class=\"w-form-row-state\">Fill out this field<\/div>\r\n<\/div>\r\n<div class=\"w-form-row for_email has_label with_icon\">\r\n\t\t\t<div class=\"w-form-row-label\">\r\n\t\t\t<span>Email para hacer seguimiento de la denuncia<\/span>\r\n\t\t<\/div>\r\n\t\t<div class=\"w-form-row-field\">\r\n\t\t\t\t<i class=\"fal fa-envelope\"><\/i>\t\t<input aria-label=\"Email para hacer seguimiento de la denuncia\" type=\"email\" name=\"us_form_1_email_1\" value placeholder=\"Correo electr\u00f3nico (opcional)\"\/>\r\n\t\t\t<\/div>\r\n\t\t<div class=\"w-form-row-state\">Please enter a valid email address.<\/div>\r\n<\/div>\r\n<div class=\"w-form-row for_select has_label\">\r\n\t\t\t<div class=\"w-form-row-label\">\r\n\t\t\t<span>Marque la normativa que se haya infringido<\/span>\r\n\t\t<\/div>\r\n\t\t<div class=\"w-form-row-field\">\r\n\t\t\t\t\t\t<select aria-label=\"Marque la normativa que se haya infringido\" name=\"us_form_1_select_2\">\r\n\t\t\t<option value=\"Delito contra la salud p\u00fablica\">Delito contra la salud p\u00fablica<\/option><option value=\"Delito urban\u00edstico\">Delito urban\u00edstico<\/option><option value=\"Delito Negativa a actuaciones inspectoras\">Delito Negativa a actuaciones inspectoras<\/option><option value=\"Delito de da\u00f1os inform\u00e1ticos\">Delito de da\u00f1os inform\u00e1ticos<\/option><option value=\"Delito contra la propiedad intelectual e industrial\">Delito contra la propiedad intelectual e industrial<\/option><option value=\"Delito contra la Hacienda P\u00fablica\">Delito contra la Hacienda P\u00fablica<\/option><option value=\"Delito contra recursos naturales, M.A y relativos a radiaciones ionizantes\">Delito contra recursos naturales, M.A y relativos a radiaciones ionizantes<\/option><option value=\"Delito de fraude de subvenciones\">Delito de fraude de subvenciones<\/option><option value=\"Delito de Malversaci\u00f3n\">Delito de Malversaci\u00f3n<\/option><option value=\"Delito de Cohecho y Tr\u00e1fico de Influencias\">Delito de Cohecho y Tr\u00e1fico de Influencias<\/option><option value=\"Delito de Fraude a la Seguridad Social\">Delito de Fraude a la Seguridad Social<\/option><option value=\"Delito de Corrupci\u00f3n en los negocios\">Delito de Corrupci\u00f3n en los negocios<\/option><option value=\"Delito de Blanqueo de capitales\">Delito de Blanqueo de capitales<\/option><option value=\"Delito de Publicidad enga\u00f1osa\">Delito de Publicidad enga\u00f1osa<\/option><option value=\"Delito de descubrimiento de secreto de empresa\">Delito de descubrimiento de secreto de empresa<\/option><option value=\"Delito contra los derechos de los trabajadores\">Delito contra los derechos de los trabajadores<\/option><option value=\"Delito contra la libertad, derecho a la propia imagen e inviolabilidad del domicilio\">Delito contra la libertad, derecho a la propia imagen e inviolabilidad del domicilio<\/option><option value=\"Delito de acoso laboral\">Delito de acoso laboral<\/option><option value=\"Delito de acoso sexual\">Delito de acoso sexual<\/option><option value=\"Delito de estafa\">Delito de estafa<\/option><option value=\"Fraude\">Fraude<\/option><option value=\"Incumplimientos normativa administrativa grave o muy grave\">Incumplimientos normativa administrativa grave o muy grave<\/option>\t\t<\/select>\r\n\t\t\t<\/div>\r\n\t\t<div class=\"w-form-row-state\">Select an option<\/div>\r\n<\/div>\r\n<div class=\"w-form-row for_text has_label\">\r\n\t\t\t<div class=\"w-form-row-label\">\r\n\t\t\t<span>Normativa interna<\/span>\r\n\t\t<\/div>\r\n\t\t<div class=\"w-form-row-field\">\r\n\t\t\t\t\t\t<input aria-label=\"Normativa interna\" type=\"text\" name=\"us_form_1_text_2\" value placeholder\/>\r\n\t\t\t<\/div>\r\n\t\t<div class=\"w-form-row-state\">Fill out this field<\/div>\r\n<\/div>\r\n<div class=\"w-form-row for_text has_label\">\r\n\t\t\t<div class=\"w-form-row-label\">\r\n\t\t\t<span>Otros<\/span>\r\n\t\t<\/div>\r\n\t\t<div class=\"w-form-row-field\">\r\n\t\t\t\t\t\t<input aria-label=\"Otros\" type=\"text\" name=\"us_form_1_text_3\" value placeholder\/>\r\n\t\t\t<\/div>\r\n\t\t<div class=\"w-form-row-state\">Fill out this field<\/div>\r\n<\/div>\r\n<div class=\"w-form-row for_text has_label\">\r\n\t\t\t<div class=\"w-form-row-label\">\r\n\t\t\t<span>Hechos denunciados<\/span>\r\n\t\t<\/div>\r\n\t\t<div class=\"w-form-row-field\">\r\n\t\t\t\t\t\t<input aria-label=\"Hechos denunciados\" type=\"text\" name=\"us_form_1_text_4\" value placeholder\/>\r\n\t\t\t<\/div>\r\n\t\t\t<div class=\"w-form-row-description\">\r\n\t\t\tDescripci\u00f3n breve de la comunicaci\u00f3n\t\t<\/div>\r\n\t\t<div class=\"w-form-row-state\">Fill out this field<\/div>\r\n<\/div>\r\n<div class=\"w-form-row for_textarea has_label\">\r\n\t\t\t<div class=\"w-form-row-label\">\r\n\t\t\t<span>Descripci\u00f3n de los hechos<\/span>\r\n\t\t<\/div>\r\n\t\t<div class=\"w-form-row-field\">\r\n\t\t\t\t\t\t<textarea aria-label=\"Descripci\u00f3n de los hechos\" name=\"us_form_1_textarea_1\" placeholder><\/textarea>\r\n\t\t\t<\/div>\r\n\t\t<div class=\"w-form-row-state\">Fill out this field<\/div>\r\n<\/div>\r\n<div class=\"w-form-row for_textarea has_label\">\r\n\t\t\t<div class=\"w-form-row-label\">\r\n\t\t\t<span>Identificaci\u00f3n de testigos<\/span>\r\n\t\t<\/div>\r\n\t\t<div class=\"w-form-row-field\">\r\n\t\t\t\t\t\t<textarea aria-label=\"Identificaci\u00f3n de testigos\" name=\"us_form_1_textarea_2\" placeholder><\/textarea>\r\n\t\t\t<\/div>\r\n\t\t<div class=\"w-form-row-state\">Fill out this field<\/div>\r\n<\/div>\r\n<div class=\"w-form-row for_file has_label\">\r\n\t\t\t<div class=\"w-form-row-label\">\r\n\t\t\t<span>Fichero de apoyo<\/span>\r\n\t\t<\/div>\r\n\t\t<div class=\"w-form-row-field\">\r\n\t\t\t\t\t\t<input aria-label=\"Fichero de apoyo\" type=\"file\" name=\"us_form_1_file_1\" data-std=\"10MB\" data-max_size=\"10\"\/>\r\n\t\t\t<\/div>\r\n\t\t\t<div class=\"w-form-row-description\">\r\n\t\t\tFichero que permita investigar los hechos comunicados\t\t<\/div>\r\n\t\t<div class=\"w-form-row-state\">Fill out this field<\/div>\r\n<\/div>\r\n<div class=\"w-form-row for_info\">\r\n\t<p>Mara Mart\u00edn utilizar\u00e1 la informaci\u00f3n facilitada para dar curso a su denuncia, ponerse en contacto en Vd. y\/o solicitar informaci\u00f3n adicional. Puedes acceder, rectificar y suprimir los datos, as\u00ed como ejercer otros derechos, tal y como se explica en la informaci\u00f3n adicional disponible en la <a href=\"https:\/\/maramartin.es\/politica-de-privacidad\/\">Pol\u00edtica de Privacidad.<\/a><\/p>\r\n<\/div>\r\n<div class=\"w-form-row for_agreement required\">\r\n\t\t<div class=\"w-form-row-field\">\r\n\t\t\t\t<label>\r\n\t\t\t<input type=\"checkbox\" value=\"1\" data-required=\"true\" aria-required=\"true\" name=\"us_form_1_agreement_1\"\/>\r\n\t\t\t<span>Confirmo que he le\u00eddo y aceptado la <a href=\"https:\/\/maramartin.es\/politica-de-privacidad\">pol\u00edtica de privacidad<\/a><\/span>\r\n\t\t<\/label>\r\n\t\t\t<\/div>\r\n\t\t<div class=\"w-form-row-state\">You need to agree with the terms to proceed<\/div>\r\n<\/div>\r\n<input type=\"hidden\" name=\"action\" value=\"us_ajax_cform\" \/>\r\n<input type=\"hidden\" name=\"post_id\" value=\"0\" \/>\r\n<input type=\"hidden\" name=\"form_index\" value=\"1\" \/>\r\n<div class=\"w-form-row for_submit align_none\">\r\n\t<button class=\"w-btn  us-btn-style_1\" aria-label=\"Enviar denuncia\" type=\"submit\">\r\n\t\t<span class=\"g-preloader type_1\"><\/span>\r\n\t\t\t\t<span class=\"w-btn-label\">Enviar denuncia<\/span>\r\n\t\t\t<\/button>\r\n\t<\/div>\r\n<\/div><div class=\"w-form-message\"><\/div><div class=\"w-form-json hidden\" onclick='return {&quot;ajaxurl&quot;:&quot;https:\\\/\\\/maramartin.es\\\/wp-admin\\\/admin-ajax.php&quot;,&quot;messages&quot;:{&quot;err_empty&quot;:&quot;Fill out this field&quot;,&quot;err_size&quot;:&quot;File size cannot exceed %s MB&quot;,&quot;err_extension&quot;:&quot;%s file type is not allowed&quot;}}'><\/div><\/form><\/div><\/div><\/div><div class=\"vc_col-sm-4 wpb_column vc_column_container\"><div class=\"vc_column-inner type_sticky\"><div class=\"wpb_wrapper\"><div class=\"w-vwrapper us_custom_93679835 has_text_color align_none valign_top\"><h2 class=\"w-text\"><span class=\"w-text-h\"><span class=\"w-text-value\">SII Protocol<\/span><\/span><\/h2><div class=\"wpb_text_column\"><div class=\"wpb_wrapper\"><p>Download our protocol for managing the Internal Information System.<\/p>\n<\/div><\/div><div class=\"w-separator size_small\"><\/div><div class=\"w-btn-wrapper align_none\"><a class=\"w-btn us-btn-style_3 icon_atleft\" target=\"_blank\" href=\"https:\/\/maramartin.es\/wp-content\/uploads\/2025\/02\/Protocolo-SII-MARTIN-CODAX_V6.pdf\"><i class=\"fal fa-download\"><\/i><span class=\"w-btn-label\">SII Protocol<\/span><\/a><\/div><\/div><\/div><\/div><\/div><\/div><\/div><\/div><\/div><\/div><\/div><\/section>\n","protected":false},"excerpt":{"rendered":"Transparency channelOpen a reportConfidentially report information about serious or very serious breaches. Relaci\u00f3n con la empresa Persona empleadaClienteProveedorOtros Select an option Nombre completo Fill out this field Email para hacer seguimiento de la denuncia Please enter a valid email address. Marque la normativa que se haya infringido Delito contra la salud p\u00fablicaDelito urban\u00edsticoDelito Negativa a...","protected":false},"author":1,"featured_media":0,"parent":0,"menu_order":0,"comment_status":"closed","ping_status":"closed","template":"","meta":{"footnotes":""},"class_list":["post-511","page","type-page","status-publish","hentry"],"yoast_head":"<!-- This site is optimized with the Yoast SEO plugin v27.5 - https:\/\/yoast.com\/product\/yoast-seo-wordpress\/ -->\n<title>Transparency channel - Mara Mart\u00edn<\/title>\n<meta name=\"robots\" content=\"index, follow, max-snippet:-1, max-image-preview:large, max-video-preview:-1\" \/>\n<link rel=\"canonical\" href=\"https:\/\/maramartin.es\/transparency-channel\/\" \/>\n<meta property=\"og:locale\" content=\"en_US\" \/>\n<meta property=\"og:type\" content=\"article\" \/>\n<meta property=\"og:title\" content=\"Transparency channel - Mara Mart\u00edn\" \/>\n<meta property=\"og:url\" content=\"https:\/\/maramartin.es\/transparency-channel\/\" \/>\n<meta property=\"og:site_name\" content=\"Mara Mart\u00edn\" \/>\n<meta name=\"twitter:card\" content=\"summary_large_image\" \/>\n<meta name=\"twitter:label1\" content=\"Est. reading time\" \/>\n\t<meta name=\"twitter:data1\" content=\"6 minutes\" \/>\n<script type=\"application\/ld+json\" class=\"yoast-schema-graph\">{\"@context\":\"https:\\\/\\\/schema.org\",\"@graph\":[{\"@type\":\"WebPage\",\"@id\":\"https:\\\/\\\/maramartin.es\\\/transparency-channel\\\/\",\"url\":\"https:\\\/\\\/maramartin.es\\\/transparency-channel\\\/\",\"name\":\"Transparency channel - Mara Mart\u00edn\",\"isPartOf\":{\"@id\":\"https:\\\/\\\/maramartin.es\\\/#website\"},\"datePublished\":\"2025-02-10T18:30:33+00:00\",\"breadcrumb\":{\"@id\":\"https:\\\/\\\/maramartin.es\\\/transparency-channel\\\/#breadcrumb\"},\"inLanguage\":\"en-US\",\"potentialAction\":[{\"@type\":\"ReadAction\",\"target\":[\"https:\\\/\\\/maramartin.es\\\/transparency-channel\\\/\"]}]},{\"@type\":\"BreadcrumbList\",\"@id\":\"https:\\\/\\\/maramartin.es\\\/transparency-channel\\\/#breadcrumb\",\"itemListElement\":[{\"@type\":\"ListItem\",\"position\":1,\"name\":\"Portada\",\"item\":\"https:\\\/\\\/maramartin.es\\\/en\\\/\"},{\"@type\":\"ListItem\",\"position\":2,\"name\":\"Transparency channel\"}]},{\"@type\":\"WebSite\",\"@id\":\"https:\\\/\\\/maramartin.es\\\/#website\",\"url\":\"https:\\\/\\\/maramartin.es\\\/\",\"name\":\"Mara Mart\u00edn\",\"description\":\"Vino godello de la D.O. Monterrei\",\"potentialAction\":[{\"@type\":\"SearchAction\",\"target\":{\"@type\":\"EntryPoint\",\"urlTemplate\":\"https:\\\/\\\/maramartin.es\\\/?s={search_term_string}\"},\"query-input\":{\"@type\":\"PropertyValueSpecification\",\"valueRequired\":true,\"valueName\":\"search_term_string\"}}],\"inLanguage\":\"en-US\"}]}<\/script>\n<!-- \/ Yoast SEO plugin. -->","yoast_head_json":{"title":"Transparency channel - Mara Mart\u00edn","robots":{"index":"index","follow":"follow","max-snippet":"max-snippet:-1","max-image-preview":"max-image-preview:large","max-video-preview":"max-video-preview:-1"},"canonical":"https:\/\/maramartin.es\/transparency-channel\/","og_locale":"en_US","og_type":"article","og_title":"Transparency channel - Mara Mart\u00edn","og_url":"https:\/\/maramartin.es\/transparency-channel\/","og_site_name":"Mara Mart\u00edn","twitter_card":"summary_large_image","twitter_misc":{"Est. reading time":"6 minutes"},"schema":{"@context":"https:\/\/schema.org","@graph":[{"@type":"WebPage","@id":"https:\/\/maramartin.es\/transparency-channel\/","url":"https:\/\/maramartin.es\/transparency-channel\/","name":"Transparency channel - Mara Mart\u00edn","isPartOf":{"@id":"https:\/\/maramartin.es\/#website"},"datePublished":"2025-02-10T18:30:33+00:00","breadcrumb":{"@id":"https:\/\/maramartin.es\/transparency-channel\/#breadcrumb"},"inLanguage":"en-US","potentialAction":[{"@type":"ReadAction","target":["https:\/\/maramartin.es\/transparency-channel\/"]}]},{"@type":"BreadcrumbList","@id":"https:\/\/maramartin.es\/transparency-channel\/#breadcrumb","itemListElement":[{"@type":"ListItem","position":1,"name":"Portada","item":"https:\/\/maramartin.es\/en\/"},{"@type":"ListItem","position":2,"name":"Transparency channel"}]},{"@type":"WebSite","@id":"https:\/\/maramartin.es\/#website","url":"https:\/\/maramartin.es\/","name":"Mara Mart\u00edn","description":"Vino godello de la D.O. Monterrei","potentialAction":[{"@type":"SearchAction","target":{"@type":"EntryPoint","urlTemplate":"https:\/\/maramartin.es\/?s={search_term_string}"},"query-input":{"@type":"PropertyValueSpecification","valueRequired":true,"valueName":"search_term_string"}}],"inLanguage":"en-US"}]}},"_links":{"self":[{"href":"https:\/\/maramartin.es\/en\/wp-json\/wp\/v2\/pages\/511","targetHints":{"allow":["GET"]}}],"collection":[{"href":"https:\/\/maramartin.es\/en\/wp-json\/wp\/v2\/pages"}],"about":[{"href":"https:\/\/maramartin.es\/en\/wp-json\/wp\/v2\/types\/page"}],"author":[{"embeddable":true,"href":"https:\/\/maramartin.es\/en\/wp-json\/wp\/v2\/users\/1"}],"replies":[{"embeddable":true,"href":"https:\/\/maramartin.es\/en\/wp-json\/wp\/v2\/comments?post=511"}],"version-history":[{"count":0,"href":"https:\/\/maramartin.es\/en\/wp-json\/wp\/v2\/pages\/511\/revisions"}],"wp:attachment":[{"href":"https:\/\/maramartin.es\/en\/wp-json\/wp\/v2\/media?parent=511"}],"curies":[{"name":"wp","href":"https:\/\/api.w.org\/{rel}","templated":true}]}}