{"id":440,"date":"2024-02-29T11:48:30","date_gmt":"2024-02-29T10:48:30","guid":{"rendered":"https:\/\/maramartin.es\/?page_id=440"},"modified":"2024-05-05T20:05:46","modified_gmt":"2024-05-05T19:05:46","slug":"legal-notice","status":"publish","type":"page","link":"https:\/\/maramartin.es\/en\/legal-notice\/","title":{"rendered":"Legal notice"},"content":{"rendered":"<section class=\"l-section wpb_row us_custom_b302cb86 us_animate_this height_medium\"><div class=\"l-section-h i-cf\"><div class=\"g-cols vc_row via_flex valign_middle type_default stacking_default\"><div class=\"vc_col-sm-12 wpb_column vc_column_container\"><div class=\"vc_column-inner\"><div class=\"wpb_wrapper\"><\/div><\/div><\/div><\/div><\/div><\/section><section class=\"l-section wpb_row us_custom_f3f68ac4 legales height_huge\"><div class=\"l-section-h i-cf\"><div class=\"g-cols vc_row via_flex valign_top type_default stacking_default\"><div class=\"vc_col-sm-12 wpb_column vc_column_container\"><div class=\"vc_column-inner\"><div class=\"wpb_wrapper\"><h1 class=\"w-text us_custom_e911e388 titular-naranja us_animate_this\"><span class=\"w-text-h\"><span class=\"w-text-value\">Legal notice<\/span><\/span><\/h1><div class=\"w-separator size_small\"><\/div><div class=\"wpb_text_column\"><div class=\"wpb_wrapper\"><p>Welcome to\u00a0<a href=\"http:\/\/www.maramartin.es\">www.maramartin.es<\/a>.<\/p>\n<ol>\n<li><strong>Identification and ownership<\/strong><\/li>\n<\/ol>\n<p>In compliance with Law 34\/2002 of 11 July 2002 on information society services and electronic commerce, we hereby inform you that the website <a href=\"http:\/\/www.maramartin.es\">www.maramartin.es<\/a> (the <strong>&#8220;Website&#8221;<\/strong>) is owned by BODEGAS MART\u00cdN C\u00d3DAX S.A.U., a Spanish trading company, whose identification and contact details are as follows:<\/p>\n<p>&#8211; Company name: BODEGAS MART\u00cdN CODAX S.A.U. (hereinafter, &#8220;MART\u00cdN CODAX&#8221;).<\/p>\n<p>&#8211; Tax Identification Number (NIF): A36033009.<\/p>\n<p>&#8211; Register entry: registered in the Pontevedra Companies Register in Volume 449, Folio 95, Page PO-6875.<\/p>\n<p>&#8211; Registered office: Burg\u00e1ns, n\u00ba. 91, C.P. 36633, Cambados (Pontevedra).<\/p>\n<p>&#8211; Contact: you can contact MART\u00cdN CODAX by e-mail at <a href=\"mailto:administracion@martincodax.com\">administracion@martincodax.com<\/a>.<\/p>\n<ol start=\"2\">\n<li><strong>Terms of Service<\/strong><\/li>\n<\/ol>\n<p>Use of this Website is subject to the terms and conditions set out in this legal notice. The person using the Website is hereinafter referred to as <strong>&#8220;the User&#8221;.<\/strong><\/p>\n<p>By using the Website, the User accepts the conditions of use set out in this legal notice. If you do not agree with each and every one of the clauses set out in this legal notice or with the specific clauses applicable, you must refrain from accessing and\/or using this Website.<\/p>\n<p>MART\u00cdN CODAX reserves the right to modify or update the terms and conditions contained in this legal notice. For this reason, the User should read the legal notice each and every time he\/she accesses the Website in order to be adequately informed, as it is subject to change.<\/p>\n<p><strong>Access to this Website is reserved solely and exclusively for persons of legal age<\/strong>, given that current legislation prohibits the advertising, sale, consumption, and supply of alcohol to persons under 18 years of age. Therefore, each time the User accesses the Website, he\/she must confirm whether he\/she is over or under 18 years of age. If the User is under 18 years of age, he\/she will not have access to the Website. However, MART\u00cdN C\u00d3DAX shall not be held responsible for the lack of certainty of the information provided regarding the age of the User, nor shall it be held responsible for underage users who, by providing inaccurate data, may access the Website in breach of this access condition, as the persons of legal age who are in charge of underage users are exclusively responsible for determining the specific content and services they access.<\/p>\n<p>The User is obliged and undertakes to use the Website and its contents in accordance with the current legislation, with this legal notice and with any other notice or conditions made known to them. To this effect, the User is obliged and undertakes NOT to use any of the contents of the Website for illicit purposes or effects, prohibited in this legal notice or by current legislation, harmful to the rights and interests of third parties, or which in any way may damage, disable, overload, deteriorate or prevent the normal use of the content, computer equipment (hardware and\/or software) or documents, files and all types of content stored on any computer equipment, whether its own or contracted, belonging to MART\u00cdN C\u00d3DAX, companies in its business group, other users, or any third party.<\/p>\n<p>MART\u00cdN C\u00d3DAX reserves the right to interrupt the operation of the website if it detects any use that it may consider contrary to what is expressed in this legal notice or that could damage the image, interests, or rights of MART\u00cdN C\u00d3DAX or third parties; as well as any use that may damage, render useless, overload or impede the use of the Website in any way.<\/p>\n<ol start=\"3\">\n<li><strong>Copyright<\/strong><\/li>\n<\/ol>\n<p>All the contents of the Website, including but not limited to trademarks, trade names, industrial designs, texts, illustrations, photographs, graphics, logos, icons, audiovisual or sound content, technology, software and any other signs susceptible of industrial and commercial use (the <strong>&#8220;Contents&#8221;<\/strong>), are protected by the industrial and intellectual property rights of MART\u00cdN C\u00d3DAX or of third party owners of the same who have authorised their inclusion on the Website. Any use and\/or reproduction of the same by any means (including, but not limited to, the internet, domain names, social networks, websites, blogs, forums, etc.) is therefore prohibited without the prior express written consent of MART\u00cdN C\u00d3DAX. Under no circumstances does access to the Website confer any right, or any expectation of a right, on the User over the Contents.<\/p>\n<p>The User undertakes not to transmit, modify, copy, reuse, exploit, reproduce, publicly communicate, make second or subsequent publications, use, process or distribute in any way all or part of the Contents of the Website, nor may the User remove, manipulate or alter in any way this Copyright notice of intellectual and industrial property rights and other data identifying the reservation of rights that may be included in the Contents and\/or on the Website.<\/p>\n<ol start=\"4\">\n<li><strong>Disclaimer of Warranties and Limitation of Liability<\/strong><\/li>\n<\/ol>\n<p>The User assumes that access to and use of the Website takes place under his\/her sole responsibility. The User also accepts that the Website may contain typographical or other errors which may have escaped MART\u00cdN C\u00d3DAX&#8217;s attention. Such errors will be corrected at the discretion of MART\u00cdN C\u00d3DAX as they are identified and MART\u00cdN C\u00d3DAX declines all liability in this respect.<\/p>\n<p>MART\u00cdN C\u00d3DAX does not guarantee the availability and continuity of the website, its content, the services linked to it, or their suitability. Changes may be periodically made to the information contained or published on the website.<\/p>\n<p>&nbsp;<\/p>\n<p>It is the User&#8217;s responsibility to adopt all appropriate technical measures to reasonably control the threats derived from the use of the Internet and, among them, to use up-to-date systems for detecting malicious software (such as viruses, Trojans, etc.), as well as to keep the security patches of the corresponding browsers and operating systems up to date.<\/p>\n<p>Under no circumstances shall MART\u00cdN C\u00d3DAX be liable for any damage or loss (of whatever nature) caused to the User in connection with or resulting from access to, use of or inability to use the Website, or caused by any malfunction, blocking, omission, interruption, delay in transmission, malicious software (viruses, Trojans, etc.) or vulnerabilities in its systems and tools.<\/p>\n<p>Likewise, MART\u00cdN C\u00d3DAX declines all responsibility for any information found outside this Website and which is not managed directly by MART\u00cdN C\u00d3DAX. The function of any links that may appear on this Website is exclusively to inform the User of the existence on the Internet of other sources of information on the subject, where he\/she may find further information on the data offered on this Website. These links have not been checked and are not subject to control by MART\u00cdN C\u00d3DAX nor does their publication on the Website imply any suggestion, invitation, or recommendation to visit the destination websites, and MART\u00cdN C\u00d3DAX shall therefore not be held responsible for the results obtained from the use of these links.<\/p>\n<p>MART\u00cdN C\u00d3DAX shall only be liable for its own conduct and content and shall therefore not be liable for the actions, information, statements, opinions, or conduct expressed by users of the Website, even when they affect the rights of third parties.<\/p>\n<p>The User shall be liable for any damages and\/or losses that MART\u00cdN C\u00d3DAX, its affiliates, branches, parent or associated companies and any third parties may suffer, directly or indirectly, as a result of a breach of any of the obligations arising from the terms and conditions of this legal notice or any other applicable legal obligations and shall hold MART\u00cdN C\u00d3DAX harmless against any sanction, claim or demand that may be brought by any third party, including public institutions, against MART\u00cdN C\u00d3DAX, its affiliates, subsidiaries, parent, associated companies or agents as a result of the infringement of any third-party rights by such user through the use of this site or the services and materials linked to this site in a manner contrary to this legal notice or the applicable law. MART\u00cdN C\u00d3DAX reserves the right to defend and control exclusively any such claim and the User agrees to cooperate fully with MART\u00cdN C\u00d3DAX in such defence.<\/p>\n<p>In the event that any provision of this legal notice should be unenforceable or invalid under applicable law or as a result of a judicial or administrative decision, such unenforceability or invalidity shall not render the remaining obligations and clauses set out in the legal notice unenforceable or invalid as a whole. In such cases, MART\u00cdN C\u00d3DAX shall proceed to modify or replace such provision with a valid and enforceable provision which, as far as possible, achieves the purpose and intent reflected in the original provision.<\/p>\n<\/div><\/div><\/div><\/div><\/div><\/div><\/div><\/section>\n","protected":false},"excerpt":{"rendered":"Legal noticeWelcome to\u00a0www.maramartin.es. Identification and ownership In compliance with Law 34\/2002 of 11 July 2002 on information society services and electronic commerce, we hereby inform you that the website www.maramartin.es (the &#8220;Website&#8221;) is owned by BODEGAS MART\u00cdN C\u00d3DAX S.A.U., a Spanish trading company, whose identification and contact details are as follows: &#8211; Company name: BODEGAS...","protected":false},"author":1,"featured_media":0,"parent":0,"menu_order":0,"comment_status":"closed","ping_status":"closed","template":"","meta":{"footnotes":""},"class_list":["post-440","page","type-page","status-publish","hentry"],"yoast_head":"<!-- This site is optimized with the Yoast SEO plugin v27.5 - https:\/\/yoast.com\/product\/yoast-seo-wordpress\/ -->\n<title>Legal notice - Mara Mart\u00edn<\/title>\n<meta name=\"robots\" content=\"index, follow, max-snippet:-1, max-image-preview:large, max-video-preview:-1\" \/>\n<link rel=\"canonical\" href=\"https:\/\/maramartin.es\/en\/legal-notice\/\" \/>\n<meta property=\"og:locale\" content=\"en_US\" \/>\n<meta property=\"og:type\" content=\"article\" \/>\n<meta property=\"og:title\" content=\"Legal notice - Mara Mart\u00edn\" \/>\n<meta property=\"og:url\" content=\"https:\/\/maramartin.es\/en\/legal-notice\/\" \/>\n<meta property=\"og:site_name\" content=\"Mara Mart\u00edn\" \/>\n<meta property=\"article:modified_time\" content=\"2024-05-05T19:05:46+00:00\" \/>\n<meta name=\"twitter:card\" content=\"summary_large_image\" \/>\n<meta name=\"twitter:label1\" content=\"Est. reading time\" \/>\n\t<meta name=\"twitter:data1\" content=\"7 minutes\" \/>\n<script type=\"application\/ld+json\" class=\"yoast-schema-graph\">{\"@context\":\"https:\\\/\\\/schema.org\",\"@graph\":[{\"@type\":\"WebPage\",\"@id\":\"https:\\\/\\\/maramartin.es\\\/en\\\/legal-notice\\\/\",\"url\":\"https:\\\/\\\/maramartin.es\\\/en\\\/legal-notice\\\/\",\"name\":\"Legal notice - Mara Mart\u00edn\",\"isPartOf\":{\"@id\":\"https:\\\/\\\/maramartin.es\\\/#website\"},\"datePublished\":\"2024-02-29T10:48:30+00:00\",\"dateModified\":\"2024-05-05T19:05:46+00:00\",\"breadcrumb\":{\"@id\":\"https:\\\/\\\/maramartin.es\\\/en\\\/legal-notice\\\/#breadcrumb\"},\"inLanguage\":\"en-US\",\"potentialAction\":[{\"@type\":\"ReadAction\",\"target\":[\"https:\\\/\\\/maramartin.es\\\/en\\\/legal-notice\\\/\"]}]},{\"@type\":\"BreadcrumbList\",\"@id\":\"https:\\\/\\\/maramartin.es\\\/en\\\/legal-notice\\\/#breadcrumb\",\"itemListElement\":[{\"@type\":\"ListItem\",\"position\":1,\"name\":\"Portada\",\"item\":\"https:\\\/\\\/maramartin.es\\\/en\\\/\"},{\"@type\":\"ListItem\",\"position\":2,\"name\":\"Legal notice\"}]},{\"@type\":\"WebSite\",\"@id\":\"https:\\\/\\\/maramartin.es\\\/#website\",\"url\":\"https:\\\/\\\/maramartin.es\\\/\",\"name\":\"Mara Mart\u00edn\",\"description\":\"Vino godello de la D.O. Monterrei\",\"potentialAction\":[{\"@type\":\"SearchAction\",\"target\":{\"@type\":\"EntryPoint\",\"urlTemplate\":\"https:\\\/\\\/maramartin.es\\\/?s={search_term_string}\"},\"query-input\":{\"@type\":\"PropertyValueSpecification\",\"valueRequired\":true,\"valueName\":\"search_term_string\"}}],\"inLanguage\":\"en-US\"}]}<\/script>\n<!-- \/ Yoast SEO plugin. -->","yoast_head_json":{"title":"Legal notice - Mara Mart\u00edn","robots":{"index":"index","follow":"follow","max-snippet":"max-snippet:-1","max-image-preview":"max-image-preview:large","max-video-preview":"max-video-preview:-1"},"canonical":"https:\/\/maramartin.es\/en\/legal-notice\/","og_locale":"en_US","og_type":"article","og_title":"Legal notice - Mara Mart\u00edn","og_url":"https:\/\/maramartin.es\/en\/legal-notice\/","og_site_name":"Mara Mart\u00edn","article_modified_time":"2024-05-05T19:05:46+00:00","twitter_card":"summary_large_image","twitter_misc":{"Est. reading time":"7 minutes"},"schema":{"@context":"https:\/\/schema.org","@graph":[{"@type":"WebPage","@id":"https:\/\/maramartin.es\/en\/legal-notice\/","url":"https:\/\/maramartin.es\/en\/legal-notice\/","name":"Legal notice - Mara Mart\u00edn","isPartOf":{"@id":"https:\/\/maramartin.es\/#website"},"datePublished":"2024-02-29T10:48:30+00:00","dateModified":"2024-05-05T19:05:46+00:00","breadcrumb":{"@id":"https:\/\/maramartin.es\/en\/legal-notice\/#breadcrumb"},"inLanguage":"en-US","potentialAction":[{"@type":"ReadAction","target":["https:\/\/maramartin.es\/en\/legal-notice\/"]}]},{"@type":"BreadcrumbList","@id":"https:\/\/maramartin.es\/en\/legal-notice\/#breadcrumb","itemListElement":[{"@type":"ListItem","position":1,"name":"Portada","item":"https:\/\/maramartin.es\/en\/"},{"@type":"ListItem","position":2,"name":"Legal notice"}]},{"@type":"WebSite","@id":"https:\/\/maramartin.es\/#website","url":"https:\/\/maramartin.es\/","name":"Mara Mart\u00edn","description":"Vino godello de la D.O. Monterrei","potentialAction":[{"@type":"SearchAction","target":{"@type":"EntryPoint","urlTemplate":"https:\/\/maramartin.es\/?s={search_term_string}"},"query-input":{"@type":"PropertyValueSpecification","valueRequired":true,"valueName":"search_term_string"}}],"inLanguage":"en-US"}]}},"_links":{"self":[{"href":"https:\/\/maramartin.es\/en\/wp-json\/wp\/v2\/pages\/440","targetHints":{"allow":["GET"]}}],"collection":[{"href":"https:\/\/maramartin.es\/en\/wp-json\/wp\/v2\/pages"}],"about":[{"href":"https:\/\/maramartin.es\/en\/wp-json\/wp\/v2\/types\/page"}],"author":[{"embeddable":true,"href":"https:\/\/maramartin.es\/en\/wp-json\/wp\/v2\/users\/1"}],"replies":[{"embeddable":true,"href":"https:\/\/maramartin.es\/en\/wp-json\/wp\/v2\/comments?post=440"}],"version-history":[{"count":3,"href":"https:\/\/maramartin.es\/en\/wp-json\/wp\/v2\/pages\/440\/revisions"}],"predecessor-version":[{"id":443,"href":"https:\/\/maramartin.es\/en\/wp-json\/wp\/v2\/pages\/440\/revisions\/443"}],"wp:attachment":[{"href":"https:\/\/maramartin.es\/en\/wp-json\/wp\/v2\/media?parent=440"}],"curies":[{"name":"wp","href":"https:\/\/api.w.org\/{rel}","templated":true}]}}